{"id":123,"date":"2023-06-30T15:57:30","date_gmt":"2023-06-30T15:57:30","guid":{"rendered":"http:\/\/accesiatest.local\/?page_id=123"},"modified":"2024-06-06T19:04:04","modified_gmt":"2024-06-06T19:04:04","slug":"servicio-interpretacion-signos","status":"publish","type":"page","link":"https:\/\/accesia.info\/en\/servicio-interpretacion-signos\/","title":{"rendered":"Sign language interpretation services"},"content":{"rendered":"<!--themify_builder_content-->\n<div id=\"themify_builder_content-123\" data-postid=\"123\" class=\"themify_builder_content themify_builder_content-123 themify_builder tf_clear\">\n    \t\t\t<!-- module_row -->\n\t<div  data-css_id=\"g6uv269\" data-lazy=\"1\" class=\"module_row themify_builder_row fullwidth tb_g6uv269 tb_first tf_w tf_clearfix\">\n\t    \t\t\t<div class=\"row_inner col_align_top tb_col_count_1 tf_box tf_rel\">\n\t\t            <div  data-lazy=\"1\" class=\"module_column tb-column col-full tb_d6y3269 first\">\n                                                        <div class=\"tb-column-inner tf_box tf_w\">\n                        <!-- module text -->\n<div  class=\"module module-text tb_htdj269  repeat\" data-lazy=\"1\">\n        <div  class=\"tb_text_wrap\">\n    <h1 style=\"text-align: center;\"><strong>Sign Language Interpretation Services<\/strong><\/h1>    <\/div>\n<\/div>\n<!-- \/module text -->                    <\/div><!-- .tb-column-inner -->\n                            <\/div><!-- .module_column -->\n            \t    <\/div><!-- .row_inner -->\n\t<\/div><!-- .module_row -->\n\t\t\t\t<!-- module_row -->\n\t<div  data-lazy=\"1\" class=\"module_row themify_builder_row tb_500p750 tf_w tf_clearfix\">\n\t    \t\t\t<div class=\"row_inner col_align_top tb_col_count_2 tf_box tf_rel\">\n\t\t            <div  data-lazy=\"1\" class=\"module_column tb-column col4-2 tb_877l750 first\">\n                                                        <div class=\"tb-column-inner tf_box tf_w\">\n                        <!-- module text -->\n<div  class=\"module module-text tb_wxu3225\" data-lazy=\"1\">\n        <div  class=\"tb_text_wrap\">\n    <p>In <strong>Accesia<\/strong>,\u00a0<span style=\"background-color: initial; font-size: 1em;\">We recognize the importance of providing<b> full access to information and communication<\/b> for the deaf community.<\/span><\/p>\n<p><span style=\"background-color: initial;\">We put at your disposal <b>our staff of highly trained interpreters made up of professionals with more than 10 years of experience<\/b> for\u00a0<\/span><b>acts and events<\/b>.<\/p>\n<p>Whether you require\u00a0<b>in-person or online interpretation<\/b>, we are prepared to offer you a high quality service.\u00a0<\/p>\n<p><span style=\"background-color: initial; font-size: 1em;\">Our interpreters will make sure that your <b>conferences, events and training are fully accessible through the use of sign language.<\/b><\/span><\/p>    <\/div>\n<\/div>\n<!-- \/module text -->                    <\/div><!-- .tb-column-inner -->\n                            <\/div><!-- .module_column -->\n                        <div  data-lazy=\"1\" class=\"module_column tb-column col4-2 tb_si51729 last\">\n                                                        <div class=\"tb-column-inner tf_box tf_w\">\n                        <!-- module image -->\n<div  class=\"module module-image tb_31nj792 rounded drop-shadow bordered  image-full-overlay tf_mw\" data-lazy=\"1\">\n        <div class=\"image-wrap tf_rel tf_mw\">\n\t\t    <img loading=\"lazy\" decoding=\"async\" src=\"https:\/\/accesia.info\/wp-content\/uploads\/2023\/07\/gemma_ayats_1100x550_2-1024x512-668x371.jpg\" width=\"668\" height=\"371\" class=\"wp-post-image wp-image-162\" title=\"Sign interpretation service for events\" alt=\"La imagen muestra una persona interpretando en signos el contenido de los ponentes de un evento.\">\t\n\t\t<\/div>\n\t<!-- \/image-wrap -->\n    \n    \t<\/div>\n<!-- \/module image -->                    <\/div><!-- .tb-column-inner -->\n                            <\/div><!-- .module_column -->\n            \t    <\/div><!-- .row_inner -->\n\t<\/div><!-- .module_row -->\n\t\t\t\t<!-- module_row -->\n\t<div  data-css_id=\"qngf966\" data-lazy=\"1\" class=\"module_row themify_builder_row fullwidth tb_qngf966 tf_w tf_clearfix\">\n\t    \t\t\t<div class=\"row_inner col_align_top tb_col_count_1 tf_box tf_rel\">\n\t\t            <div  data-lazy=\"1\" class=\"module_column tb-column col-full tb_b2q1966 first\">\n                                                        <div class=\"tb-column-inner tf_box tf_w\">\n                        \t<div  data-lazy=\"1\" class=\"module_subrow themify_builder_sub_row tb_gcgv966 tf_w tf_clearfix\">\n\t    \t\t\t<div class=\"subrow_inner col_align_top gutter-none tb_col_count_2 tf_box tf_w\">\n\t\t            <div  data-lazy=\"1\" class=\"module_column sub_column col3-1 tb_uzdv966 first\">\n                                                        <div class=\"tb-column-inner tf_box tf_w\">\n                        <!-- module image -->\n<div  class=\"module module-image tb_a59e966   image-top tf_mw hide-desktop hide-tablet hide-tablet_landscape\" data-lazy=\"1\">\n        <div class=\"image-wrap tf_rel tf_mw\">\n\t\t    <img loading=\"lazy\" decoding=\"async\" src=\"https:\/\/accesia.info\/wp-content\/uploads\/2023\/07\/istockphoto-879813798-612x612-1-599x298.jpg\" width=\"599\" height=\"298\" class=\"wp-post-image wp-image-165\" title=\"Hands of a person working on a computer.\" alt=\"La imagen muestra un primer plano de las manos de una persona de negocios, con la persona trabajando en una computadora. Est\u00e1 utilizando activamente internet y participando en plataformas de redes sociales.\">\t\n\t\t<\/div>\n\t<!-- \/image-wrap -->\n    \n    \t<\/div>\n<!-- \/module image --><!-- module image -->\n<div  class=\"module module-image tb_o4h9669   image-overlay tf_mw hide-mobile\" data-lazy=\"1\">\n        <div class=\"image-wrap tf_rel tf_mw\">\n\t\t    <img loading=\"lazy\" decoding=\"async\" src=\"https:\/\/accesia.info\/wp-content\/uploads\/2023\/07\/istockphoto-879813798-612x612-1-329x258.jpg\" width=\"329\" height=\"258\" class=\"wp-post-image wp-image-165\" title=\"Hands of a person working on a computer.\" alt=\"La imagen muestra un primer plano de las manos de una persona de negocios, con la persona trabajando en una computadora. Est\u00e1 utilizando activamente internet y participando en plataformas de redes sociales.\">\t\n\t\n    \t\t\t<\/div>\n\t\t<!-- \/image-wrap -->\n\t<\/div>\n<!-- \/module image -->                    <\/div><!-- .tb-column-inner -->\n                            <\/div><!-- .module_column -->\n                        <div  data-lazy=\"1\" class=\"module_column sub_column col3-2 tb_eytg967 last\">\n                                                        <div class=\"tb-column-inner tf_box tf_w\">\n                        <!-- module text -->\n<div  class=\"module module-text tb_qu5e967\" data-lazy=\"1\">\n        <div  class=\"tb_text_wrap\">\n    <h3 style=\"text-align: center;\">Our team of experts is ready to help you create an inclusive experience for your visitors<\/h3>    <\/div>\n<\/div>\n<!-- \/module text --><!-- module buttons -->\n<div  class=\"module module-buttons tb_bfo4967 buttons-horizontal solid  rounded buttons-fullwidth\" data-lazy=\"1\">\n    \t<div class=\"module-buttons-item tf_inline_b\">\n\t\t\t\t\t\t\t<a href=\"\/contacto\" class=\"ui builder_button tb_default_color\"  id=\"boton14\">\n\t\t\t\t\t\t\t\t\t\t\t<span class=\"tf_inline_b tf_vmiddle\">Contact<\/span>\n\t\t\t\t\t\t\t\t\t<em class=\"tf_inline_b tf_vmiddle\"><svg  class=\"tf_fa tf-ti-angle-right\" aria-hidden=\"true\"><use href=\"#tf-ti-angle-right\"><\/use><\/svg><\/em>\t\t\t\t\t\t\t\t\t\t\t<\/a>\n\t\t\t    \t<\/div>\n    <\/div>\n<!-- \/module buttons -->\n<!-- module text -->\n<div  class=\"module module-text tb_5s23967\" data-lazy=\"1\">\n        <div  class=\"tb_text_wrap\">\n    <p style=\"text-align: center;\">Don&#039;t miss the opportunity to make a difference.<br>Contact us now and start building a digital environment accessible to everyone!<\/p>    <\/div>\n<\/div>\n<!-- \/module text -->                    <\/div><!-- .tb-column-inner -->\n                            <\/div><!-- .module_column -->\n            \t    <\/div><!-- .subrow_inner -->\n\t<\/div><!-- .themify_builder_sub_row -->\n\t                    <\/div><!-- .tb-column-inner -->\n                            <\/div><!-- .module_column -->\n            \t    <\/div><!-- .row_inner -->\n\t<\/div><!-- .module_row -->\n\t<\/div>\n<!--\/themify_builder_content-->","protected":false},"excerpt":{"rendered":"<p>Sign Language Interpretation Services<\/p>","protected":false},"author":3,"featured_media":0,"parent":0,"menu_order":0,"comment_status":"closed","ping_status":"closed","template":"","meta":{"footnotes":""},"class_list":["post-123","page","type-page","status-publish","hentry","has-post-title","has-post-date","has-post-category","has-post-tag","has-post-comment","has-post-author",""],"yoast_head":"<!-- This site is optimized with the Yoast SEO plugin v27.1.1 - https:\/\/yoast.com\/product\/yoast-seo-wordpress\/ -->\n<title>Servicio de Interpretaci\u00f3n de Signos - Accesia<\/title>\n<meta name=\"robots\" content=\"index, follow, max-snippet:-1, max-image-preview:large, max-video-preview:-1\" \/>\n<link rel=\"canonical\" href=\"https:\/\/accesia.info\/en\/servicio-interpretacion-signos\/\" \/>\n<meta property=\"og:locale\" content=\"en_GB\" \/>\n<meta property=\"og:type\" content=\"article\" \/>\n<meta property=\"og:title\" content=\"Servicio de Interpretaci\u00f3n de Signos - Accesia\" \/>\n<meta property=\"og:description\" content=\"Servicios de interpretaci\u00f3n de Lenguaje de Signos\" \/>\n<meta property=\"og:url\" content=\"https:\/\/accesia.info\/en\/servicio-interpretacion-signos\/\" \/>\n<meta property=\"og:site_name\" content=\"Accesia\" \/>\n<meta property=\"article:publisher\" content=\"https:\/\/www.facebook.com\/people\/Accesia-Soluciones\/100093845105950\/?_rdr\" \/>\n<meta property=\"article:modified_time\" content=\"2024-06-06T19:04:04+00:00\" \/>\n<meta name=\"twitter:card\" content=\"summary_large_image\" \/>\n<meta name=\"twitter:site\" content=\"@Accesia_\" \/>\n<script type=\"application\/ld+json\" class=\"yoast-schema-graph\">{\"@context\":\"https:\/\/schema.org\",\"@graph\":[{\"@type\":\"WebPage\",\"@id\":\"https:\/\/accesia.info\/servicio-interpretacion-signos\/\",\"url\":\"https:\/\/accesia.info\/servicio-interpretacion-signos\/\",\"name\":\"Servicio de Interpretaci\u00f3n de Signos - Accesia\",\"isPartOf\":{\"@id\":\"https:\/\/accesia.info\/#website\"},\"datePublished\":\"2023-06-30T15:57:30+00:00\",\"dateModified\":\"2024-06-06T19:04:04+00:00\",\"breadcrumb\":{\"@id\":\"https:\/\/accesia.info\/servicio-interpretacion-signos\/#breadcrumb\"},\"inLanguage\":\"en-GB\",\"potentialAction\":[{\"@type\":\"ReadAction\",\"target\":[\"https:\/\/accesia.info\/servicio-interpretacion-signos\/\"]}]},{\"@type\":\"BreadcrumbList\",\"@id\":\"https:\/\/accesia.info\/servicio-interpretacion-signos\/#breadcrumb\",\"itemListElement\":[{\"@type\":\"ListItem\",\"position\":1,\"name\":\"Portada\",\"item\":\"https:\/\/accesia.info\/\"},{\"@type\":\"ListItem\",\"position\":2,\"name\":\"Servicio de Interpretaci\u00f3n de Signos\"}]},{\"@type\":\"WebSite\",\"@id\":\"https:\/\/accesia.info\/#website\",\"url\":\"https:\/\/accesia.info\/\",\"name\":\"Accesia Soluciones\",\"description\":\"\",\"publisher\":{\"@id\":\"https:\/\/accesia.info\/#organization\"},\"potentialAction\":[{\"@type\":\"SearchAction\",\"target\":{\"@type\":\"EntryPoint\",\"urlTemplate\":\"https:\/\/accesia.info\/?s={search_term_string}\"},\"query-input\":{\"@type\":\"PropertyValueSpecification\",\"valueRequired\":true,\"valueName\":\"search_term_string\"}}],\"inLanguage\":\"en-GB\"},{\"@type\":\"Organization\",\"@id\":\"https:\/\/accesia.info\/#organization\",\"name\":\"Accesia Soluciones\",\"url\":\"https:\/\/accesia.info\/\",\"logo\":{\"@type\":\"ImageObject\",\"inLanguage\":\"en-GB\",\"@id\":\"https:\/\/accesia.info\/#\/schema\/logo\/image\/\",\"url\":\"https:\/\/accesia.info\/wp-content\/uploads\/2023\/07\/cropped-Diseno-sin-titulo-15.png\",\"contentUrl\":\"https:\/\/accesia.info\/wp-content\/uploads\/2023\/07\/cropped-Diseno-sin-titulo-15.png\",\"width\":512,\"height\":512,\"caption\":\"Accesia Soluciones\"},\"image\":{\"@id\":\"https:\/\/accesia.info\/#\/schema\/logo\/image\/\"},\"sameAs\":[\"https:\/\/www.facebook.com\/people\/Accesia-Soluciones\/100093845105950\/?_rdr\",\"https:\/\/x.com\/Accesia_\",\"https:\/\/www.instagram.com\/accesiasoluciones\/\",\"https:\/\/es.linkedin.com\/company\/accesia-soluciones\"]}]}<\/script>\n<!-- \/ Yoast SEO plugin. -->","yoast_head_json":{"title":"Sign Language Interpretation Service - Accesia","robots":{"index":"index","follow":"follow","max-snippet":"max-snippet:-1","max-image-preview":"max-image-preview:large","max-video-preview":"max-video-preview:-1"},"canonical":"https:\/\/accesia.info\/en\/servicio-interpretacion-signos\/","og_locale":"en_GB","og_type":"article","og_title":"Servicio de Interpretaci\u00f3n de Signos - Accesia","og_description":"Servicios de interpretaci\u00f3n de Lenguaje de Signos","og_url":"https:\/\/accesia.info\/en\/servicio-interpretacion-signos\/","og_site_name":"Accesia","article_publisher":"https:\/\/www.facebook.com\/people\/Accesia-Soluciones\/100093845105950\/?_rdr","article_modified_time":"2024-06-06T19:04:04+00:00","twitter_card":"summary_large_image","twitter_site":"@Accesia_","schema":{"@context":"https:\/\/schema.org","@graph":[{"@type":"WebPage","@id":"https:\/\/accesia.info\/servicio-interpretacion-signos\/","url":"https:\/\/accesia.info\/servicio-interpretacion-signos\/","name":"Sign Language Interpretation Service - Accesia","isPartOf":{"@id":"https:\/\/accesia.info\/#website"},"datePublished":"2023-06-30T15:57:30+00:00","dateModified":"2024-06-06T19:04:04+00:00","breadcrumb":{"@id":"https:\/\/accesia.info\/servicio-interpretacion-signos\/#breadcrumb"},"inLanguage":"en-GB","potentialAction":[{"@type":"ReadAction","target":["https:\/\/accesia.info\/servicio-interpretacion-signos\/"]}]},{"@type":"BreadcrumbList","@id":"https:\/\/accesia.info\/servicio-interpretacion-signos\/#breadcrumb","itemListElement":[{"@type":"ListItem","position":1,"name":"Portada","item":"https:\/\/accesia.info\/"},{"@type":"ListItem","position":2,"name":"Servicio de Interpretaci\u00f3n de Signos"}]},{"@type":"WebSite","@id":"https:\/\/accesia.info\/#website","url":"https:\/\/accesia.info\/","name":"Accesia Solutions","description":"","publisher":{"@id":"https:\/\/accesia.info\/#organization"},"potentialAction":[{"@type":"SearchAction","target":{"@type":"EntryPoint","urlTemplate":"https:\/\/accesia.info\/?s={search_term_string}"},"query-input":{"@type":"PropertyValueSpecification","valueRequired":true,"valueName":"search_term_string"}}],"inLanguage":"en-GB"},{"@type":"Organization","@id":"https:\/\/accesia.info\/#organization","name":"Accesia Solutions","url":"https:\/\/accesia.info\/","logo":{"@type":"ImageObject","inLanguage":"en-GB","@id":"https:\/\/accesia.info\/#\/schema\/logo\/image\/","url":"https:\/\/accesia.info\/wp-content\/uploads\/2023\/07\/cropped-Diseno-sin-titulo-15.png","contentUrl":"https:\/\/accesia.info\/wp-content\/uploads\/2023\/07\/cropped-Diseno-sin-titulo-15.png","width":512,"height":512,"caption":"Accesia Soluciones"},"image":{"@id":"https:\/\/accesia.info\/#\/schema\/logo\/image\/"},"sameAs":["https:\/\/www.facebook.com\/people\/Accesia-Soluciones\/100093845105950\/?_rdr","https:\/\/x.com\/Accesia_","https:\/\/www.instagram.com\/accesiasoluciones\/","https:\/\/es.linkedin.com\/company\/accesia-soluciones"]}]}},"builder_content":"<h1 style=\"text-align: center;\"><strong>Servicios de interpretaci\u00f3n de Lenguaje de Signos<\/strong><\/h1>\n<p>En <strong>Accesia<\/strong>,\u00a0reconocemos la importancia de brindar<b> acceso completo a la informaci\u00f3n y la comunicaci\u00f3n<\/b> para la comunidad sorda.<\/p> <p>Ponemos a tu disposici\u00f3n <b>nuestra plantilla de int\u00e9rpretes altamente capacitados formada por prefesionales con m\u00e1s de 10 a\u00f1os de experiencia<\/b> para\u00a0<b>actos y eventos<\/b>.<\/p> <p>Ya sea que requieras\u00a0<b>interpretaci\u00f3n presencial o en l\u00ednea<\/b>, estamos preparados para ofrecerte un servicio de alta calidad.\u00a0<\/p> <p>Nuestros int\u00e9rpretes se asegurar\u00e1n de que tus <b>conferencias, actos y formaciones est\u00e9n completamente accesibles mediante el uso de la lengua de signos.<\/b><\/p>\n<img src=\"https:\/\/accesia.info\/wp-content\/uploads\/2023\/07\/gemma_ayats_1100x550_2-1024x512-668x371.jpg\" width=\"668\" height=\"371\" title=\"Servicio de interpretaci\u00f3n de signos para eventos\" alt=\"La imagen muestra una persona interpretando en signos el contenido de los ponentes de un evento.\">\n<img src=\"https:\/\/accesia.info\/wp-content\/uploads\/2023\/07\/istockphoto-879813798-612x612-1-599x298.jpg\" width=\"599\" height=\"298\" title=\"Manos de una persona trabajando en una computadora.\" alt=\"La imagen muestra un primer plano de las manos de una persona de negocios, con la persona trabajando en una computadora. Est\u00e1 utilizando activamente internet y participando en plataformas de redes sociales.\">\n<img src=\"https:\/\/accesia.info\/wp-content\/uploads\/2023\/07\/istockphoto-879813798-612x612-1-329x258.jpg\" width=\"329\" height=\"258\" title=\"Manos de una persona trabajando en una computadora.\" alt=\"La imagen muestra un primer plano de las manos de una persona de negocios, con la persona trabajando en una computadora. Est\u00e1 utilizando activamente internet y participando en plataformas de redes sociales.\">\n<h3 style=\"text-align: center;\">Nuestro equipo de expertos est\u00e1 listo para ayudarte a crear una experiencia inclusiva para tus visitantes<\/h3>\n<a href=\"\/contacto\" id=\"boton14\"> Contactar <em><svg aria-hidden=\"true\"><use href=\"#tf-ti-angle-right\"><\/use><\/svg><\/em> <\/a>\n<p style=\"text-align: center;\">No pierdas la oportunidad de marcar la diferencia.<br>\u00a1Cont\u00e1ctanos ahora y comienza a construir un entorno digital accesible para todos!<\/p>","_links":{"self":[{"href":"https:\/\/accesia.info\/en\/wp-json\/wp\/v2\/pages\/123","targetHints":{"allow":["GET"]}}],"collection":[{"href":"https:\/\/accesia.info\/en\/wp-json\/wp\/v2\/pages"}],"about":[{"href":"https:\/\/accesia.info\/en\/wp-json\/wp\/v2\/types\/page"}],"author":[{"embeddable":true,"href":"https:\/\/accesia.info\/en\/wp-json\/wp\/v2\/users\/3"}],"replies":[{"embeddable":true,"href":"https:\/\/accesia.info\/en\/wp-json\/wp\/v2\/comments?post=123"}],"version-history":[{"count":55,"href":"https:\/\/accesia.info\/en\/wp-json\/wp\/v2\/pages\/123\/revisions"}],"predecessor-version":[{"id":1424,"href":"https:\/\/accesia.info\/en\/wp-json\/wp\/v2\/pages\/123\/revisions\/1424"}],"wp:attachment":[{"href":"https:\/\/accesia.info\/en\/wp-json\/wp\/v2\/media?parent=123"}],"curies":[{"name":"wp","href":"https:\/\/api.w.org\/{rel}","templated":true}]}}