{"id":362,"date":"2023-07-05T15:01:01","date_gmt":"2023-07-05T15:01:01","guid":{"rendered":"https:\/\/accesia.info\/?page_id=362"},"modified":"2023-07-05T15:11:14","modified_gmt":"2023-07-05T15:11:14","slug":"aviso-legal","status":"publish","type":"page","link":"https:\/\/accesia.info\/en\/aviso-legal\/","title":{"rendered":"Legal warning"},"content":{"rendered":"<!--themify_builder_content-->\n<div id=\"themify_builder_content-362\" data-postid=\"362\" class=\"themify_builder_content themify_builder_content-362 themify_builder tf_clear\">\n    \t\t\t<!-- module_row -->\n\t<div  data-lazy=\"1\" class=\"module_row themify_builder_row tb_xba4537 tb_first tf_w tf_clearfix\">\n\t    \t\t\t<div class=\"row_inner col_align_top tb_col_count_1 tf_box tf_rel\">\n\t\t            <div  data-lazy=\"1\" class=\"module_column tb-column col-full tb_l71l537 first\">\n                                                        <div class=\"tb-column-inner tf_box tf_w\">\n                        <!-- module text -->\n<div  class=\"module module-text tb_1ee5631\" data-lazy=\"1\">\n        <div  class=\"tb_text_wrap\">\n    <h1>Legal warning<\/h1>    <\/div>\n<\/div>\n<!-- \/module text --><!-- module text -->\n<div  class=\"module module-text tb_ed08437\" data-lazy=\"1\">\n        <div  class=\"tb_text_wrap\">\n    <p>Last update date: 07\/05\/2023<\/p><p><br><\/p>\n<p><span style=\"background-color: initial; font-size: 1em;\">This Legal Notice establishes the conditions of use of the website www.accesia.info (hereinafter, the &quot;Website&quot;) owned by Accesia Soluciones SL (hereinafter, &quot;Accesia&quot;, &quot;we&quot; or &quot;our&quot;). By accessing and using our Website, you agree to be bound by the terms and conditions set forth in this Legal Notice. If you do not agree to these terms, we recommend that you do not use our Website.<\/span><br><\/p><p><br><\/p><p><b>Intellectual property<\/b><\/p><p>All intellectual property rights over the content of the Website, including, but not limited to, text, images, graphics, logos, icons, audio and video files, software and any other material, are the exclusive property of Accesia or are used under license. . Any form of reproduction, distribution, public communication, modification, transformation or any other act of exploitation of said content is prohibited without the prior written consent of Accesia.<\/p><p><br><\/p><p><b>Use of the Website<\/b><\/p><p>The use of the Website is the exclusive responsibility of the user. You agree to use the Website diligently, correctly and lawfully, in accordance with applicable legislation and this Legal Notice. Any use of the Website that may be harmful to Accesia, its clients, suppliers or other users is prohibited.<\/p><p><br><\/p><p><b>Links to other websites<\/b><\/p><p>The Website may contain links to third party websites that are not under the control of Accesia. These links are provided solely as a convenience to the user and do not imply approval or endorsement by Accesia of such websites. Accesia assumes no responsibility for the content, accuracy or privacy practices of third party websites. We recommend that you review the privacy policies and terms of use of any third-party websites accessed through links on our Website.<\/p><p><br><\/p><p><b>Exclusion of liability<\/b><\/p><p>Accesia does not guarantee the availability, accessibility and continuity of the operation of the Website, nor the absence of errors in its content. To the extent permitted by law, Accesia will not be liable for any damages that may arise from the use or inability to use the Website, including direct, indirect, incidental, consequential or punitive damages, loss of profits, data or any another economic loss.<\/p><p><br><\/p><p><b>Personal data protection<\/b><\/p><p>The processing of personal data collected through the Website is governed by our Privacy Policy, which forms an integral part of this Legal Notice.<\/p><p><br><\/p><p><b>Modifications<\/b><\/p><p>Accesia reserves the right to modify, update or eliminate any aspect of the Website, including this Legal Notice, at any time and without prior notice. It is the user&#039;s responsibility to periodically review this Legal Notice to be informed of any changes made.<\/p><p><br><\/p><p><b>Applicable law and jurisdiction<\/b><\/p><p>This Legal Notice will be governed and interpreted in accordance with the laws of Spain, without prejudice to the rights that the user has under the applicable legislation. Any dispute arising in connection with the Website will be submitted to the exclusive jurisdiction of the courts of Valencia, Spain.<\/p><p><br><\/p><p>If you have any questions or queries about this Legal Notice, you can contact us through the means indicated on the Website.<\/p>    <\/div>\n<\/div>\n<!-- \/module text -->                    <\/div><!-- .tb-column-inner -->\n                            <\/div><!-- .module_column -->\n            \t    <\/div><!-- .row_inner -->\n\t<\/div><!-- .module_row -->\n\t<\/div>\n<!--\/themify_builder_content-->","protected":false},"excerpt":{"rendered":"<p>Legal warning<\/p>","protected":false},"author":2,"featured_media":0,"parent":0,"menu_order":0,"comment_status":"closed","ping_status":"closed","template":"","meta":{"footnotes":""},"class_list":["post-362","page","type-page","status-publish","hentry","has-post-title","has-post-date","has-post-category","has-post-tag","has-post-comment","has-post-author",""],"yoast_head":"<!-- This site is optimized with the Yoast SEO plugin v27.1.1 - https:\/\/yoast.com\/product\/yoast-seo-wordpress\/ -->\n<title>Aviso legal - Accesia<\/title>\n<meta name=\"robots\" content=\"index, follow, max-snippet:-1, max-image-preview:large, max-video-preview:-1\" \/>\n<link rel=\"canonical\" href=\"https:\/\/accesia.info\/en\/aviso-legal\/\" \/>\n<meta property=\"og:locale\" content=\"en_GB\" \/>\n<meta property=\"og:type\" content=\"article\" \/>\n<meta property=\"og:title\" content=\"Aviso legal - Accesia\" \/>\n<meta property=\"og:description\" content=\"Aviso legal\" \/>\n<meta property=\"og:url\" content=\"https:\/\/accesia.info\/en\/aviso-legal\/\" \/>\n<meta property=\"og:site_name\" content=\"Accesia\" \/>\n<meta property=\"article:publisher\" content=\"https:\/\/www.facebook.com\/people\/Accesia-Soluciones\/100093845105950\/?_rdr\" \/>\n<meta property=\"article:modified_time\" content=\"2023-07-05T15:11:14+00:00\" \/>\n<meta name=\"twitter:card\" content=\"summary_large_image\" \/>\n<meta name=\"twitter:site\" content=\"@Accesia_\" \/>\n<script type=\"application\/ld+json\" class=\"yoast-schema-graph\">{\"@context\":\"https:\/\/schema.org\",\"@graph\":[{\"@type\":\"WebPage\",\"@id\":\"https:\/\/accesia.info\/aviso-legal\/\",\"url\":\"https:\/\/accesia.info\/aviso-legal\/\",\"name\":\"Aviso legal - Accesia\",\"isPartOf\":{\"@id\":\"https:\/\/accesia.info\/#website\"},\"datePublished\":\"2023-07-05T15:01:01+00:00\",\"dateModified\":\"2023-07-05T15:11:14+00:00\",\"breadcrumb\":{\"@id\":\"https:\/\/accesia.info\/aviso-legal\/#breadcrumb\"},\"inLanguage\":\"en-GB\",\"potentialAction\":[{\"@type\":\"ReadAction\",\"target\":[\"https:\/\/accesia.info\/aviso-legal\/\"]}]},{\"@type\":\"BreadcrumbList\",\"@id\":\"https:\/\/accesia.info\/aviso-legal\/#breadcrumb\",\"itemListElement\":[{\"@type\":\"ListItem\",\"position\":1,\"name\":\"Portada\",\"item\":\"https:\/\/accesia.info\/\"},{\"@type\":\"ListItem\",\"position\":2,\"name\":\"Aviso legal\"}]},{\"@type\":\"WebSite\",\"@id\":\"https:\/\/accesia.info\/#website\",\"url\":\"https:\/\/accesia.info\/\",\"name\":\"Accesia Soluciones\",\"description\":\"\",\"publisher\":{\"@id\":\"https:\/\/accesia.info\/#organization\"},\"potentialAction\":[{\"@type\":\"SearchAction\",\"target\":{\"@type\":\"EntryPoint\",\"urlTemplate\":\"https:\/\/accesia.info\/?s={search_term_string}\"},\"query-input\":{\"@type\":\"PropertyValueSpecification\",\"valueRequired\":true,\"valueName\":\"search_term_string\"}}],\"inLanguage\":\"en-GB\"},{\"@type\":\"Organization\",\"@id\":\"https:\/\/accesia.info\/#organization\",\"name\":\"Accesia Soluciones\",\"url\":\"https:\/\/accesia.info\/\",\"logo\":{\"@type\":\"ImageObject\",\"inLanguage\":\"en-GB\",\"@id\":\"https:\/\/accesia.info\/#\/schema\/logo\/image\/\",\"url\":\"https:\/\/accesia.info\/wp-content\/uploads\/2023\/07\/cropped-Diseno-sin-titulo-15.png\",\"contentUrl\":\"https:\/\/accesia.info\/wp-content\/uploads\/2023\/07\/cropped-Diseno-sin-titulo-15.png\",\"width\":512,\"height\":512,\"caption\":\"Accesia Soluciones\"},\"image\":{\"@id\":\"https:\/\/accesia.info\/#\/schema\/logo\/image\/\"},\"sameAs\":[\"https:\/\/www.facebook.com\/people\/Accesia-Soluciones\/100093845105950\/?_rdr\",\"https:\/\/x.com\/Accesia_\",\"https:\/\/www.instagram.com\/accesiasoluciones\/\",\"https:\/\/es.linkedin.com\/company\/accesia-soluciones\"]}]}<\/script>\n<!-- \/ Yoast SEO plugin. -->","yoast_head_json":{"title":"Aviso legal - Accesia","robots":{"index":"index","follow":"follow","max-snippet":"max-snippet:-1","max-image-preview":"max-image-preview:large","max-video-preview":"max-video-preview:-1"},"canonical":"https:\/\/accesia.info\/en\/aviso-legal\/","og_locale":"en_GB","og_type":"article","og_title":"Aviso legal - Accesia","og_description":"Aviso legal","og_url":"https:\/\/accesia.info\/en\/aviso-legal\/","og_site_name":"Accesia","article_publisher":"https:\/\/www.facebook.com\/people\/Accesia-Soluciones\/100093845105950\/?_rdr","article_modified_time":"2023-07-05T15:11:14+00:00","twitter_card":"summary_large_image","twitter_site":"@Accesia_","schema":{"@context":"https:\/\/schema.org","@graph":[{"@type":"WebPage","@id":"https:\/\/accesia.info\/aviso-legal\/","url":"https:\/\/accesia.info\/aviso-legal\/","name":"Aviso legal - Accesia","isPartOf":{"@id":"https:\/\/accesia.info\/#website"},"datePublished":"2023-07-05T15:01:01+00:00","dateModified":"2023-07-05T15:11:14+00:00","breadcrumb":{"@id":"https:\/\/accesia.info\/aviso-legal\/#breadcrumb"},"inLanguage":"en-GB","potentialAction":[{"@type":"ReadAction","target":["https:\/\/accesia.info\/aviso-legal\/"]}]},{"@type":"BreadcrumbList","@id":"https:\/\/accesia.info\/aviso-legal\/#breadcrumb","itemListElement":[{"@type":"ListItem","position":1,"name":"Portada","item":"https:\/\/accesia.info\/"},{"@type":"ListItem","position":2,"name":"Aviso legal"}]},{"@type":"WebSite","@id":"https:\/\/accesia.info\/#website","url":"https:\/\/accesia.info\/","name":"Accesia Solutions","description":"","publisher":{"@id":"https:\/\/accesia.info\/#organization"},"potentialAction":[{"@type":"SearchAction","target":{"@type":"EntryPoint","urlTemplate":"https:\/\/accesia.info\/?s={search_term_string}"},"query-input":{"@type":"PropertyValueSpecification","valueRequired":true,"valueName":"search_term_string"}}],"inLanguage":"en-GB"},{"@type":"Organization","@id":"https:\/\/accesia.info\/#organization","name":"Accesia Solutions","url":"https:\/\/accesia.info\/","logo":{"@type":"ImageObject","inLanguage":"en-GB","@id":"https:\/\/accesia.info\/#\/schema\/logo\/image\/","url":"https:\/\/accesia.info\/wp-content\/uploads\/2023\/07\/cropped-Diseno-sin-titulo-15.png","contentUrl":"https:\/\/accesia.info\/wp-content\/uploads\/2023\/07\/cropped-Diseno-sin-titulo-15.png","width":512,"height":512,"caption":"Accesia Soluciones"},"image":{"@id":"https:\/\/accesia.info\/#\/schema\/logo\/image\/"},"sameAs":["https:\/\/www.facebook.com\/people\/Accesia-Soluciones\/100093845105950\/?_rdr","https:\/\/x.com\/Accesia_","https:\/\/www.instagram.com\/accesiasoluciones\/","https:\/\/es.linkedin.com\/company\/accesia-soluciones"]}]}},"builder_content":"<h1>Aviso legal<\/h1>\n<p>Fecha de \u00faltima actualizaci\u00f3n: 05\/07\/2023<\/p><p><br><\/p> <p>Este Aviso Legal establece las condiciones de uso del sitio web www.accesia.info (en adelante, el \"Sitio Web\") propiedad de Accesia Soluciones S.L. (en adelante, \"Accesia\", \"nosotros\" o \"nuestro\"). Al acceder y utilizar nuestro Sitio Web, usted acepta estar sujeto a los t\u00e9rminos y condiciones establecidos en este Aviso Legal. Si no est\u00e1 de acuerdo con estos t\u00e9rminos, le recomendamos que no utilice nuestro Sitio Web.<br><\/p><p><br><\/p><p><b>Propiedad intelectual<\/b><\/p><p>Todos los derechos de propiedad intelectual sobre el contenido del Sitio Web, incluyendo, entre otros, textos, im\u00e1genes, gr\u00e1ficos, logotipos, iconos, archivos de audio y video, software y cualquier otro material, son propiedad exclusiva de Accesia o se utilizan bajo licencia. Est\u00e1 prohibida cualquier forma de reproducci\u00f3n, distribuci\u00f3n, comunicaci\u00f3n p\u00fablica, modificaci\u00f3n, transformaci\u00f3n o cualquier otro acto de explotaci\u00f3n de dicho contenido sin el consentimiento previo y por escrito de Accesia.<\/p><p><br><\/p><p><b>Uso del Sitio Web<\/b><\/p><p>El uso del Sitio Web es responsabilidad exclusiva del usuario. Usted se compromete a utilizar el Sitio Web de manera diligente, correcta y l\u00edcita, de acuerdo con la legislaci\u00f3n aplicable y este Aviso Legal. Queda prohibido cualquier uso del Sitio Web que pueda ser perjudicial para Accesia, sus clientes, proveedores u otros usuarios.<\/p><p><br><\/p><p><b>Enlaces a otros sitios web<\/b><\/p><p>El Sitio Web puede contener enlaces a sitios web de terceros que no est\u00e1n bajo el control de Accesia. Estos enlaces se proporcionan \u00fanicamente como una conveniencia para el usuario y no implican la aprobaci\u00f3n o respaldo de Accesia respecto a dichos sitios web. Accesia no asume ninguna responsabilidad por el contenido, la precisi\u00f3n o las pr\u00e1cticas de privacidad de los sitios web de terceros. Le recomendamos que revise las pol\u00edticas de privacidad y los t\u00e9rminos de uso de cualquier sitio web de terceros al que acceda a trav\u00e9s de enlaces en nuestro Sitio Web.<\/p><p><br><\/p><p><b>Exclusi\u00f3n de responsabilidad<\/b><\/p><p>Accesia no garantiza la disponibilidad, accesibilidad y continuidad del funcionamiento del Sitio Web, ni la ausencia de errores en su contenido. En la medida permitida por la ley, Accesia no ser\u00e1 responsable de los da\u00f1os y perjuicios que puedan derivarse del uso o la imposibilidad de uso del Sitio Web, incluyendo da\u00f1os directos, indirectos, incidentales, consecuentes o punitivos, p\u00e9rdida de beneficios, datos o cualquier otra p\u00e9rdida econ\u00f3mica.<\/p><p><br><\/p><p><b>Protecci\u00f3n de datos personales<\/b><\/p><p>El tratamiento de los datos personales recopilados a trav\u00e9s del Sitio Web se rige por nuestra Pol\u00edtica de Privacidad, que forma parte integrante de este Aviso Legal.<\/p><p><br><\/p><p><b>Modificaciones<\/b><\/p><p>Accesia se reserva el derecho de modificar, actualizar o eliminar cualquier aspecto del Sitio Web, incluyendo este Aviso Legal, en cualquier momento y sin previo aviso. Es responsabilidad del usuario revisar peri\u00f3dicamente este Aviso Legal para estar informado de los cambios realizados.<\/p><p><br><\/p><p><b>Ley aplicable y jurisdicci\u00f3n<\/b><\/p><p>Este Aviso Legal se regir\u00e1 e interpretar\u00e1 de acuerdo con las leyes de Espa\u00f1a, sin perjuicio de los derechos que le asistan al usuario en virtud de la legislaci\u00f3n aplicable. Cualquier disputa que surja en relaci\u00f3n con el Sitio Web se someter\u00e1 a la jurisdicci\u00f3n exclusiva de los tribunales de Valencia, Espa\u00f1a.<\/p><p><br><\/p><p>Si tiene alguna pregunta o consulta sobre este Aviso Legal, puede ponerse en contacto con nosotros a trav\u00e9s de los medios indicados en el Sitio Web.<\/p>","_links":{"self":[{"href":"https:\/\/accesia.info\/en\/wp-json\/wp\/v2\/pages\/362","targetHints":{"allow":["GET"]}}],"collection":[{"href":"https:\/\/accesia.info\/en\/wp-json\/wp\/v2\/pages"}],"about":[{"href":"https:\/\/accesia.info\/en\/wp-json\/wp\/v2\/types\/page"}],"author":[{"embeddable":true,"href":"https:\/\/accesia.info\/en\/wp-json\/wp\/v2\/users\/2"}],"replies":[{"embeddable":true,"href":"https:\/\/accesia.info\/en\/wp-json\/wp\/v2\/comments?post=362"}],"version-history":[{"count":4,"href":"https:\/\/accesia.info\/en\/wp-json\/wp\/v2\/pages\/362\/revisions"}],"predecessor-version":[{"id":375,"href":"https:\/\/accesia.info\/en\/wp-json\/wp\/v2\/pages\/362\/revisions\/375"}],"wp:attachment":[{"href":"https:\/\/accesia.info\/en\/wp-json\/wp\/v2\/media?parent=362"}],"curies":[{"name":"wp","href":"https:\/\/api.w.org\/{rel}","templated":true}]}}