{"id":367,"date":"2023-07-05T15:05:59","date_gmt":"2023-07-05T15:05:59","guid":{"rendered":"https:\/\/accesia.info\/?page_id=367"},"modified":"2024-01-31T14:25:57","modified_gmt":"2024-01-31T14:25:57","slug":"politica-de-privacidad","status":"publish","type":"page","link":"https:\/\/accesia.info\/en\/politica-de-privacidad\/","title":{"rendered":"Privacy Policy"},"content":{"rendered":"<!--themify_builder_content-->\n<div id=\"themify_builder_content-367\" data-postid=\"367\" class=\"themify_builder_content themify_builder_content-367 themify_builder tf_clear\">\n    \t\t\t<!-- module_row -->\n\t<div  data-lazy=\"1\" class=\"module_row themify_builder_row tb_xba4537 tb_first tf_w tf_clearfix\">\n\t    \t\t\t<div class=\"row_inner col_align_top tb_col_count_1 tf_box tf_rel\">\n\t\t            <div  data-lazy=\"1\" class=\"module_column tb-column col-full tb_l71l537 first\">\n                                                        <div class=\"tb-column-inner tf_box tf_w\">\n                        <!-- module text -->\n<div  class=\"module module-text tb_1ee5631\" data-lazy=\"1\">\n        <div  class=\"tb_text_wrap\">\n    <h1>Privacy policy of Accesia Soluciones SL<\/h1>    <\/div>\n<\/div>\n<!-- \/module text --><!-- module text -->\n<div  class=\"module module-text tb_ed08437\" data-lazy=\"1\">\n        <div  class=\"tb_text_wrap\">\n    <p>Last update date: 07\/05\/2023<\/p>\n<p>At Accesia Soluciones SL, we take the privacy of our users very seriously. This privacy policy describes how we collect, use and protect personal information we obtain through our website.<\/p>\n<p><b><br><\/b><\/p><p><b>Collection of personal information<\/b><\/p>\n<p>When you visit our website and use our contact form, we may ask you to provide certain personal information, such as your name, email address, telephone number or other relevant information in order to respond to your inquiry or request.<\/p>\n<p><b><br><\/b><\/p><p><b>Use of collected information<\/b><\/p>\n<p>We use the personal information you provide us through the contact form to respond to your queries, provide you with the requested support or send relevant information about our products and services. We may also use your information to improve our website and personalize your user experience.<\/p>\n<p><b><br><\/b><\/p><p><b>Information protection<\/b><\/p>\n<p>We are committed to protecting the security of your personal information. We implement appropriate technical and organizational measures to prevent the loss, misuse, alteration or unauthorized disclosure of your personal data.<\/p>\n<p><b><br><\/b><\/p><p><b>Disclosure to third parties<\/b><\/p>\n<p>We do not sell, trade, or otherwise transfer your personal information to third parties without your consent, except as necessary to comply with a legal obligation, protect our rights, or prevent fraud or unlawful activity.<\/p>\n<p><b><br><\/b><\/p><p><b>Links to third party websites<\/b><\/p>\n<p>Our website may contain links to other third party websites which are not under our control. We are not responsible for the privacy practices or the content of such websites. We recommend that you review the privacy policies of these third parties before providing them with any personal information.<\/p>\n<p><b><br><\/b><\/p><p><b>User rights<\/b><\/p>\n<p>You have the right to access, correct, update or delete your personal information at any time. If you wish to exercise any of these rights or have any questions or concerns related to our privacy policy, you can contact us using the contact details provided at the end of this document.<\/p>\n<p><b><br><\/b><\/p><p><b>Changes to the privacy policy<\/b><\/p>\n<p>We reserve the right to update or modify this privacy policy at any time. We recommend that you periodically review this page to be aware of any changes. The date of the last update is indicated at the beginning of this document.<\/p>\n<p><b><br><\/b><\/p><p><b>Contact<\/b><\/p>\n<p>If you have any questions, concerns or requests related to our privacy policy, please do not hesitate to contact us:<\/p>\n<p>Accesia Soluciones SL&nbsp;<\/p><p>Phone: <a href=\"tel:+34662671821\">+34 662 67 18 21<\/a><\/p><p>Email: <a href=\"mailto:contacto@accesia.info\">contacto@accesia.info<\/a><\/p><p><br><\/p>\n<p>We appreciate your trust in using our website and we are committed to protecting your privacy and personal data in accordance with this privacy policy.<\/p>    <\/div>\n<\/div>\n<!-- \/module text -->                    <\/div><!-- .tb-column-inner -->\n                            <\/div><!-- .module_column -->\n            \t    <\/div><!-- .row_inner -->\n\t<\/div><!-- .module_row -->\n\t<\/div>\n<!--\/themify_builder_content-->","protected":false},"excerpt":{"rendered":"<p>Privacy policy of Accesia Soluciones SL<\/p>","protected":false},"author":2,"featured_media":0,"parent":0,"menu_order":0,"comment_status":"closed","ping_status":"closed","template":"","meta":{"footnotes":""},"class_list":["post-367","page","type-page","status-publish","hentry","has-post-title","has-post-date","has-post-category","has-post-tag","has-post-comment","has-post-author",""],"yoast_head":"<!-- This site is optimized with the Yoast SEO plugin v27.1.1 - https:\/\/yoast.com\/product\/yoast-seo-wordpress\/ -->\n<title>Pol\u00edtica de privacidad - Accesia<\/title>\n<meta name=\"robots\" content=\"index, follow, max-snippet:-1, max-image-preview:large, max-video-preview:-1\" \/>\n<link rel=\"canonical\" href=\"https:\/\/accesia.info\/en\/politica-de-privacidad\/\" \/>\n<meta property=\"og:locale\" content=\"en_GB\" \/>\n<meta property=\"og:type\" content=\"article\" \/>\n<meta property=\"og:title\" content=\"Pol\u00edtica de privacidad - Accesia\" \/>\n<meta property=\"og:description\" content=\"Pol\u00edtica de privacidad de Accesia Soluciones S.L.\" \/>\n<meta property=\"og:url\" content=\"https:\/\/accesia.info\/en\/politica-de-privacidad\/\" \/>\n<meta property=\"og:site_name\" content=\"Accesia\" \/>\n<meta property=\"article:publisher\" content=\"https:\/\/www.facebook.com\/people\/Accesia-Soluciones\/100093845105950\/?_rdr\" \/>\n<meta property=\"article:modified_time\" content=\"2024-01-31T14:25:57+00:00\" \/>\n<meta name=\"twitter:card\" content=\"summary_large_image\" \/>\n<meta name=\"twitter:site\" content=\"@Accesia_\" \/>\n<script type=\"application\/ld+json\" class=\"yoast-schema-graph\">{\"@context\":\"https:\/\/schema.org\",\"@graph\":[{\"@type\":\"WebPage\",\"@id\":\"https:\/\/accesia.info\/politica-de-privacidad\/\",\"url\":\"https:\/\/accesia.info\/politica-de-privacidad\/\",\"name\":\"Pol\u00edtica de privacidad - Accesia\",\"isPartOf\":{\"@id\":\"https:\/\/accesia.info\/#website\"},\"datePublished\":\"2023-07-05T15:05:59+00:00\",\"dateModified\":\"2024-01-31T14:25:57+00:00\",\"breadcrumb\":{\"@id\":\"https:\/\/accesia.info\/politica-de-privacidad\/#breadcrumb\"},\"inLanguage\":\"en-GB\",\"potentialAction\":[{\"@type\":\"ReadAction\",\"target\":[\"https:\/\/accesia.info\/politica-de-privacidad\/\"]}]},{\"@type\":\"BreadcrumbList\",\"@id\":\"https:\/\/accesia.info\/politica-de-privacidad\/#breadcrumb\",\"itemListElement\":[{\"@type\":\"ListItem\",\"position\":1,\"name\":\"Portada\",\"item\":\"https:\/\/accesia.info\/\"},{\"@type\":\"ListItem\",\"position\":2,\"name\":\"Pol\u00edtica de privacidad\"}]},{\"@type\":\"WebSite\",\"@id\":\"https:\/\/accesia.info\/#website\",\"url\":\"https:\/\/accesia.info\/\",\"name\":\"Accesia Soluciones\",\"description\":\"\",\"publisher\":{\"@id\":\"https:\/\/accesia.info\/#organization\"},\"potentialAction\":[{\"@type\":\"SearchAction\",\"target\":{\"@type\":\"EntryPoint\",\"urlTemplate\":\"https:\/\/accesia.info\/?s={search_term_string}\"},\"query-input\":{\"@type\":\"PropertyValueSpecification\",\"valueRequired\":true,\"valueName\":\"search_term_string\"}}],\"inLanguage\":\"en-GB\"},{\"@type\":\"Organization\",\"@id\":\"https:\/\/accesia.info\/#organization\",\"name\":\"Accesia Soluciones\",\"url\":\"https:\/\/accesia.info\/\",\"logo\":{\"@type\":\"ImageObject\",\"inLanguage\":\"en-GB\",\"@id\":\"https:\/\/accesia.info\/#\/schema\/logo\/image\/\",\"url\":\"https:\/\/accesia.info\/wp-content\/uploads\/2023\/07\/cropped-Diseno-sin-titulo-15.png\",\"contentUrl\":\"https:\/\/accesia.info\/wp-content\/uploads\/2023\/07\/cropped-Diseno-sin-titulo-15.png\",\"width\":512,\"height\":512,\"caption\":\"Accesia Soluciones\"},\"image\":{\"@id\":\"https:\/\/accesia.info\/#\/schema\/logo\/image\/\"},\"sameAs\":[\"https:\/\/www.facebook.com\/people\/Accesia-Soluciones\/100093845105950\/?_rdr\",\"https:\/\/x.com\/Accesia_\",\"https:\/\/www.instagram.com\/accesiasoluciones\/\",\"https:\/\/es.linkedin.com\/company\/accesia-soluciones\"]}]}<\/script>\n<!-- \/ Yoast SEO plugin. -->","yoast_head_json":{"title":"Privacy Policy - Accesia","robots":{"index":"index","follow":"follow","max-snippet":"max-snippet:-1","max-image-preview":"max-image-preview:large","max-video-preview":"max-video-preview:-1"},"canonical":"https:\/\/accesia.info\/en\/politica-de-privacidad\/","og_locale":"en_GB","og_type":"article","og_title":"Pol\u00edtica de privacidad - Accesia","og_description":"Pol\u00edtica de privacidad de Accesia Soluciones S.L.","og_url":"https:\/\/accesia.info\/en\/politica-de-privacidad\/","og_site_name":"Accesia","article_publisher":"https:\/\/www.facebook.com\/people\/Accesia-Soluciones\/100093845105950\/?_rdr","article_modified_time":"2024-01-31T14:25:57+00:00","twitter_card":"summary_large_image","twitter_site":"@Accesia_","schema":{"@context":"https:\/\/schema.org","@graph":[{"@type":"WebPage","@id":"https:\/\/accesia.info\/politica-de-privacidad\/","url":"https:\/\/accesia.info\/politica-de-privacidad\/","name":"Privacy Policy - Accesia","isPartOf":{"@id":"https:\/\/accesia.info\/#website"},"datePublished":"2023-07-05T15:05:59+00:00","dateModified":"2024-01-31T14:25:57+00:00","breadcrumb":{"@id":"https:\/\/accesia.info\/politica-de-privacidad\/#breadcrumb"},"inLanguage":"en-GB","potentialAction":[{"@type":"ReadAction","target":["https:\/\/accesia.info\/politica-de-privacidad\/"]}]},{"@type":"BreadcrumbList","@id":"https:\/\/accesia.info\/politica-de-privacidad\/#breadcrumb","itemListElement":[{"@type":"ListItem","position":1,"name":"Portada","item":"https:\/\/accesia.info\/"},{"@type":"ListItem","position":2,"name":"Pol\u00edtica de privacidad"}]},{"@type":"WebSite","@id":"https:\/\/accesia.info\/#website","url":"https:\/\/accesia.info\/","name":"Accesia Solutions","description":"","publisher":{"@id":"https:\/\/accesia.info\/#organization"},"potentialAction":[{"@type":"SearchAction","target":{"@type":"EntryPoint","urlTemplate":"https:\/\/accesia.info\/?s={search_term_string}"},"query-input":{"@type":"PropertyValueSpecification","valueRequired":true,"valueName":"search_term_string"}}],"inLanguage":"en-GB"},{"@type":"Organization","@id":"https:\/\/accesia.info\/#organization","name":"Accesia Solutions","url":"https:\/\/accesia.info\/","logo":{"@type":"ImageObject","inLanguage":"en-GB","@id":"https:\/\/accesia.info\/#\/schema\/logo\/image\/","url":"https:\/\/accesia.info\/wp-content\/uploads\/2023\/07\/cropped-Diseno-sin-titulo-15.png","contentUrl":"https:\/\/accesia.info\/wp-content\/uploads\/2023\/07\/cropped-Diseno-sin-titulo-15.png","width":512,"height":512,"caption":"Accesia Soluciones"},"image":{"@id":"https:\/\/accesia.info\/#\/schema\/logo\/image\/"},"sameAs":["https:\/\/www.facebook.com\/people\/Accesia-Soluciones\/100093845105950\/?_rdr","https:\/\/x.com\/Accesia_","https:\/\/www.instagram.com\/accesiasoluciones\/","https:\/\/es.linkedin.com\/company\/accesia-soluciones"]}]}},"builder_content":"<h1>Pol\u00edtica de privacidad de Accesia Soluciones S.L.<\/h1>\n<p>Fecha de \u00faltima actualizaci\u00f3n: 05\/07\/2023<\/p> <p>En Accesia Soluciones S.L., nos tomamos muy en serio la privacidad de nuestros usuarios. Esta pol\u00edtica de privacidad describe c\u00f3mo recopilamos, utilizamos y protegemos la informaci\u00f3n personal que obtenemos a trav\u00e9s de nuestro sitio web.<\/p> <p><b><br><\/b><\/p><p><b>Recopilaci\u00f3n de informaci\u00f3n personal<\/b><\/p> <p>Cuando visitas nuestro sitio web y utilizas nuestro formulario de contacto, es posible que te solicitemos proporcionar cierta informaci\u00f3n personal, como tu nombre, direcci\u00f3n de correo electr\u00f3nico, n\u00famero de tel\u00e9fono u otra informaci\u00f3n relevante para poder responder a tu consulta o solicitud.<\/p> <p><b><br><\/b><\/p><p><b>Uso de la informaci\u00f3n recopilada<\/b><\/p> <p>Utilizamos la informaci\u00f3n personal que nos proporcionas a trav\u00e9s del formulario de contacto para responder a tus consultas, brindarte el soporte solicitado o enviar informaci\u00f3n relevante sobre nuestros productos y servicios. Tambi\u00e9n podemos utilizar tu informaci\u00f3n para mejorar nuestro sitio web y personalizar tu experiencia como usuario.<\/p> <p><b><br><\/b><\/p><p><b>Protecci\u00f3n de la informaci\u00f3n<\/b><\/p> <p>Nos comprometemos a proteger la seguridad de tu informaci\u00f3n personal. Implementamos medidas t\u00e9cnicas y organizativas adecuadas para evitar la p\u00e9rdida, el uso indebido, la alteraci\u00f3n o la divulgaci\u00f3n no autorizada de tus datos personales.<\/p> <p><b><br><\/b><\/p><p><b>Divulgaci\u00f3n a terceros<\/b><\/p> <p>No vendemos, intercambiamos ni transferimos de ninguna otra forma tu informaci\u00f3n personal a terceros sin tu consentimiento, excepto cuando sea necesario para cumplir con una obligaci\u00f3n legal, proteger nuestros derechos o prevenir fraudes o actividades il\u00edcitas.<\/p> <p><b><br><\/b><\/p><p><b>Enlaces a sitios web de terceros<\/b><\/p> <p>Nuestro sitio web puede contener enlaces a otros sitios web de terceros que no est\u00e1n bajo nuestro control. No nos hacemos responsables de las pr\u00e1cticas de privacidad o el contenido de dichos sitios web. Te recomendamos revisar las pol\u00edticas de privacidad de esos terceros antes de proporcionarles cualquier informaci\u00f3n personal.<\/p> <p><b><br><\/b><\/p><p><b>Derechos del usuario<\/b><\/p> <p>Tienes derecho a acceder, corregir, actualizar o eliminar tu informaci\u00f3n personal en cualquier momento. Si deseas ejercer alguno de estos derechos o tienes alguna pregunta o inquietud relacionada con nuestra pol\u00edtica de privacidad, puedes comunicarte con nosotros a trav\u00e9s de los datos de contacto proporcionados al final de este documento.<\/p> <p><b><br><\/b><\/p><p><b>Cambios en la pol\u00edtica de privacidad<\/b><\/p> <p>Nos reservamos el derecho de actualizar o modificar esta pol\u00edtica de privacidad en cualquier momento. Te recomendamos revisar peri\u00f3dicamente esta p\u00e1gina para estar al tanto de cualquier cambio. La fecha de la \u00faltima actualizaci\u00f3n se indica al comienzo de este documento.<\/p> <p><b><br><\/b><\/p><p><b>Contacto<\/b><\/p> <p>Si tienes alguna pregunta, inquietud o solicitud relacionada con nuestra pol\u00edtica de privacidad, no dudes en contactarnos:<\/p> <p>Accesia Soluciones S.L.&nbsp;<\/p><p>Tel\u00e9fono: <a href=\"tel:+34662671821\">+34 662 67 18 21<\/a><\/p><p>Correo electr\u00f3nico: <a href=\"mailto:contacto@accesia.info\">contacto@accesia.info<\/a><\/p><p><br><\/p> <p>Agradecemos tu confianza al utilizar nuestro sitio web y nos comprometemos a proteger tu privacidad y tus datos personales de acuerdo con esta pol\u00edtica de privacidad.<\/p>","_links":{"self":[{"href":"https:\/\/accesia.info\/en\/wp-json\/wp\/v2\/pages\/367","targetHints":{"allow":["GET"]}}],"collection":[{"href":"https:\/\/accesia.info\/en\/wp-json\/wp\/v2\/pages"}],"about":[{"href":"https:\/\/accesia.info\/en\/wp-json\/wp\/v2\/types\/page"}],"author":[{"embeddable":true,"href":"https:\/\/accesia.info\/en\/wp-json\/wp\/v2\/users\/2"}],"replies":[{"embeddable":true,"href":"https:\/\/accesia.info\/en\/wp-json\/wp\/v2\/comments?post=367"}],"version-history":[{"count":2,"href":"https:\/\/accesia.info\/en\/wp-json\/wp\/v2\/pages\/367\/revisions"}],"predecessor-version":[{"id":1102,"href":"https:\/\/accesia.info\/en\/wp-json\/wp\/v2\/pages\/367\/revisions\/1102"}],"wp:attachment":[{"href":"https:\/\/accesia.info\/en\/wp-json\/wp\/v2\/media?parent=367"}],"curies":[{"name":"wp","href":"https:\/\/api.w.org\/{rel}","templated":true}]}}