{"id":954,"date":"2023-11-21T14:45:07","date_gmt":"2023-11-21T14:45:07","guid":{"rendered":"https:\/\/accesia.info\/?page_id=954"},"modified":"2024-07-12T16:57:30","modified_gmt":"2024-07-12T16:57:30","slug":"accesibilidad","status":"publish","type":"page","link":"https:\/\/accesia.info\/en\/accesibilidad\/","title":{"rendered":"Accessibility"},"content":{"rendered":"<!--themify_builder_content-->\n<div id=\"themify_builder_content-954\" data-postid=\"954\" class=\"themify_builder_content themify_builder_content-954 themify_builder tf_clear\">\n    \t\t\t<!-- module_row -->\n\t<div  data-lazy=\"1\" class=\"module_row themify_builder_row tb_xba4537 tb_first tf_w tf_clearfix\">\n\t    \t\t\t<div class=\"row_inner col_align_top tb_col_count_1 tf_box tf_rel\">\n\t\t            <div  data-lazy=\"1\" class=\"module_column tb-column col-full tb_l71l537 first\">\n                                                        <div class=\"tb-column-inner tf_box tf_w\">\n                        <!-- module text -->\n<div  class=\"module module-text tb_1ee5631   \" data-lazy=\"1\">\n        <div  class=\"tb_text_wrap\">\n    <h1>Declaraci\u00f3n de accesibilidad<\/h1>    <\/div>\n<\/div>\n<!-- \/module text --><!-- module text -->\n<div  class=\"module module-text tb_ed08437   \" data-lazy=\"1\">\n        <div  class=\"tb_text_wrap\">\n    <p>Accesia Soluciones S.L., en adelante \u201cel responsable del sitio\u201d, se ha comprometido a hacer accesible este sitio web que est\u00e1s visitando, de conformidad con el Real Decreto 1112\/2018, de 7 de septiembre, sobre accesibilidad de los sitios web y aplicaciones para dispositivos m\u00f3viles del sector p\u00fablico que traspone la Directiva (UE) 2016\/2102 del Parlamento Europeo y del Consejo.<\/p>\n<p>La presente declaraci\u00f3n de accesibilidad se aplica a la web de accesia.info.<\/p>\n<p>Aunque el art\u00edculo 15 del Real Decreto 1112\/2018 obliga a realizar esta declaraci\u00f3n de accesibilidad, la intenci\u00f3n de este documento es mucho m\u00e1s ambiciosa e intenta ofrecer una informaci\u00f3n clara, detallada y exhaustiva sobre la accesibilidad del sitio. Para ello vamos a explicarte:<\/p>\n<ol>\n<li>Qu\u00e9 partes del sitio tienen implementadas medidas de accesibilidad y cuales no.<\/li>\n<li>C\u00f3mo puedes comunicar con el responsable de esta web.<\/li>\n<li>C\u00f3mo puedes presentar una reclamaci\u00f3n relacionada con la accesibilidad de este sitio.<\/li>\n<li>Compatibilidad.<\/li>\n<\/ol>\n<p>El responsable del sitio ha plasmado su compromiso con la accesibilidad web a trav\u00e9s de la declaraci\u00f3n institucional de fecha 12\/07\/2024 que puedes consultar en <a href=\"https:\/\/accesia.info\/accesibilidad\/\" target=\"_new\" rel=\"noreferrer\">este enlace<\/a>.<\/p>\n<h3>Qu\u00e9 partes del sitio tienen implementadas medidas de accesibilidad y cuales no.<\/h3>\n<p>El sitio web que visitas tiene contenidos que son parcialmente accesibles y conformes con el Real Decreto 1112\/2018. Este sitio web aplica los requisitos de la Norma UNE-EN 301549:2022 considerando las excepciones del RD 1112\/2018. No obstante, el responsable del sitio ha querido asumir un compromiso m\u00e1s profundo con la accesibilidad de aquel que se exige legalmente.<\/p>\n<p>El sitio web que visitas tiene implementado un asistente de accesibilidad que asegura que todas las personas, incluidas aquellas con discapacidades, puedan acceder a la informaci\u00f3n y navegar sin dificultades. Este software ha sido desarrollado por ACCESIA SOLUCIONES SL (<a href=\"https:\/\/accesia.info\/\" target=\"_new\" rel=\"noreferrer\">https:\/\/accesia.info\/<\/a>).<\/p>\n<p>Por otro lado, se ha detectado algunos contenidos que por su naturaleza no son conformes con la accesibilidad. En concreto te informamos de que:<\/p>\n<ul>\n<li>Existen contenidos no textuales que pueden carecer de una alternativa textual, o que tienen una alternativa que no es adecuada [requisito n\u00famero 9.1.1.1 de la UNE-EN 301549:2022].<\/li>\n<li>Podr\u00edan darse errores relacionados con los v\u00eddeos, subt\u00edtulos y audiodescripciones y su acceso para todos los usuarios [requisitos n\u00famero 9.1.2.3 de la UNE-EN 301549:2022].<\/li>\n<\/ul>\n<h3>\u00bfC\u00f3mo facilita la navegaci\u00f3n el asistente de accesibilidad?<\/h3>\n<p>Las funciones de AYUDA VISUAL ofrecen estas herramientas:<\/p>\n<ul>\n<li>Activar Locuciones<\/li>\n<li>Modo Blanco y Negro<\/li>\n<li>Modo Contraste<\/li>\n<li>Destacar Foco<\/li>\n<li>Aumentar tama\u00f1o de la fuente<\/li>\n<li>Modo Legible<\/li>\n<li>Aumentar tama\u00f1o de la p\u00e1gina<\/li>\n<li>Cursor grande<\/li>\n<li>Sonido al hacer click<\/li>\n<li>Destacar enlaces<\/li>\n<li>Descripci\u00f3n de im\u00e1genes<\/li>\n<\/ul>\n<p>Las funciones de AYUDA AUDITIVA ofrecen estas herramientas:<\/p>\n<ul>\n<li>Activar o desactivar los videos en lengua de signos espa\u00f1ola<\/li>\n<\/ul>\n<p>Las funciones de AYUDA COGNITIVA ofrecen estas herramientas:<\/p>\n<ul>\n<li>Activar pictogramas<\/li>\n<li>Activar o desactivar videos de lengua de signos espa\u00f1ola<\/li>\n<li>Cursor grande<\/li>\n<li>Destacar enlaces<\/li>\n<li>Modo legible<\/li>\n<li>Modo dislexia<\/li>\n<li>Sonido al hacer click<\/li>\n<li>Descripci\u00f3n de im\u00e1genes<\/li>\n<\/ul>\n<p>Todos estos datos te los presentamos conforme a la AUTOEVALUACI\u00d3N que ha llevado a cabo el responsable del sitio web. Esta declaraci\u00f3n ha sido preparada el 12\/07\/2024 y ser\u00e1 revisada y actualizada peri\u00f3dicamente, como m\u00ednimo una vez al a\u00f1o tal y como obliga el art\u00edculo 15 del Real Decreto 1112\/2018.<\/p>\n<p>Puedes consultar la evaluaci\u00f3n realizada sobre la accesibilidad de la web en <a href=\"https:\/\/accesia.info\/asistente-accesibilidad\/\" target=\"_new\" rel=\"noreferrer\">este enlace<\/a>.<\/p>\n<h3>C\u00f3mo puedes comunicar con el responsable de esta web<\/h3>\n<p>El responsable de la web te facilita los siguientes medios de contacto:<\/p>\n<ul>\n<li>Email: <a rel=\"noreferrer\">contacto@accesia.info<\/a><\/li>\n<li>Formulario web en <a href=\"https:\/\/accesia.info\/contacto\/\" target=\"_new\" rel=\"noreferrer\">este enlace<\/a><\/li>\n<li>Tel\u00e9fono: <a rel=\"noreferrer\">contacto@accesia.info<\/a><\/li>\n<\/ul>\n<p>A trav\u00e9s de cualquiera de estos medios puedes informarnos de cualquier incumplimiento de los requisitos de accesibilidad o solicitar la informaci\u00f3n en materia de accesibilidad de nuestra web que necesites.<\/p>\n<p>Accesia Soluciones S.L. ha dado competencias en materia de accesibilidad a Angel Lopez Ramirez. Cualquier solicitud enviada a trav\u00e9s de los mecanismos de comunicaci\u00f3n que te hemos indicado ser\u00e1n conocidos y estudiados con detalle.<\/p>\n<h3>C\u00f3mo puedes presentar una reclamaci\u00f3n relacionada con la accesibilidad de este sitio<\/h3>\n<p>En caso de que hayas notificado cualquier incidencia o incumplimiento de los requisitos de accesibilidad o de que hayas solicitado la informaci\u00f3n en materia de accesibilidad de nuestra web y la respuesta no haya resultado satisfactoria, puedes realizar una reclamaci\u00f3n a trav\u00e9s de <a href=\"https:\/\/accesia.info\/contacto\/\" target=\"_new\" rel=\"noreferrer\">este enlace<\/a>.<\/p><p>La reclamaci\u00f3n ser\u00e1 resuelta por Accesia Soluciones y te ser\u00e1 notificada. La resoluci\u00f3n tendr\u00e1 lugar antes de 20 d\u00edas h\u00e1biles.<\/p><h3>Compatibilidad<\/h3><p>Este sitio se ha dise\u00f1ado adapt\u00e1ndose a los est\u00e1ndares y normativas vigentes en relaci\u00f3n a la accesibilidad, cumpliendo con los puntos de verificaci\u00f3n de prioridad 2 (AA) definidos en la especificaci\u00f3n de Pautas de Accesibilidad al Contenido en la Web (WCAG 2.1).\nEst\u00e1 optimizado para las \u00faltimas versiones vigentes de Chrome, Edge, Firefox, Safari y Opera.\nEst\u00e1 dise\u00f1ado para su correcta visualizaci\u00f3n en cualquier resoluci\u00f3n y dispositivo de escritorio, tabletas o m\u00f3viles (dise\u00f1o responsive).\nSe ha realizado utilizando HTML5 como lenguaje de marcado y hojas de estilo CSS 3 para su dise\u00f1o.\nAdem\u00e1s, se realiza un trabajo continuo de auditor\u00eda y revisi\u00f3n de contenidos para facilitar su interpretaci\u00f3n y mejorar la navegaci\u00f3n por el portal web.<\/p><p>El sitio fue publicado en 14 de enero del 2023.<\/p><p>Texto legal redactado por BUFETE ABOGADO AMIGO (<a rel=\"noreferrer\" target=\"_new\" href=\"https:\/\/www.abogadoamigo.com\/\">https:\/\/www.abogadoamigo.com\/<\/a>).<\/p>    <\/div>\n<\/div>\n<!-- \/module text -->                    <\/div><!-- .tb-column-inner -->\n                            <\/div><!-- .module_column -->\n            \t    <\/div><!-- .row_inner -->\n\t<\/div><!-- .module_row -->\n\t<\/div>\n<!--\/themify_builder_content-->","protected":false},"excerpt":{"rendered":"<p>Accessibility statement<\/p>","protected":false},"author":2,"featured_media":0,"parent":0,"menu_order":0,"comment_status":"closed","ping_status":"closed","template":"","meta":{"footnotes":""},"class_list":["post-954","page","type-page","status-publish","hentry","has-post-title","has-post-date","has-post-category","has-post-tag","has-post-comment","has-post-author",""],"yoast_head":"<!-- This site is optimized with the Yoast SEO plugin v27.5 - https:\/\/yoast.com\/product\/yoast-seo-wordpress\/ -->\n<title>Accesibilidad - Accesia<\/title>\n<meta name=\"robots\" content=\"index, follow, max-snippet:-1, max-image-preview:large, max-video-preview:-1\" \/>\n<link rel=\"canonical\" href=\"https:\/\/accesia.info\/en\/accesibilidad\/\" \/>\n<meta property=\"og:locale\" content=\"en_GB\" \/>\n<meta property=\"og:type\" content=\"article\" \/>\n<meta property=\"og:title\" content=\"Accesibilidad - Accesia\" \/>\n<meta property=\"og:description\" content=\"Declaraci\u00f3n de accesibilidad\" \/>\n<meta property=\"og:url\" content=\"https:\/\/accesia.info\/en\/accesibilidad\/\" \/>\n<meta property=\"og:site_name\" content=\"Accesia\" \/>\n<meta property=\"article:publisher\" content=\"https:\/\/www.facebook.com\/people\/Accesia-Soluciones\/100093845105950\/?_rdr\" \/>\n<meta property=\"article:modified_time\" content=\"2024-07-12T16:57:30+00:00\" \/>\n<meta name=\"twitter:card\" content=\"summary_large_image\" \/>\n<meta name=\"twitter:site\" content=\"@Accesia_\" \/>\n<script type=\"application\/ld+json\" class=\"yoast-schema-graph\">{\"@context\":\"https:\\\/\\\/schema.org\",\"@graph\":[{\"@type\":\"WebPage\",\"@id\":\"https:\\\/\\\/accesia.info\\\/accesibilidad\\\/\",\"url\":\"https:\\\/\\\/accesia.info\\\/accesibilidad\\\/\",\"name\":\"Accesibilidad - Accesia\",\"isPartOf\":{\"@id\":\"https:\\\/\\\/accesia.info\\\/#website\"},\"datePublished\":\"2023-11-21T14:45:07+00:00\",\"dateModified\":\"2024-07-12T16:57:30+00:00\",\"breadcrumb\":{\"@id\":\"https:\\\/\\\/accesia.info\\\/accesibilidad\\\/#breadcrumb\"},\"inLanguage\":\"en-GB\",\"potentialAction\":[{\"@type\":\"ReadAction\",\"target\":[\"https:\\\/\\\/accesia.info\\\/accesibilidad\\\/\"]}]},{\"@type\":\"BreadcrumbList\",\"@id\":\"https:\\\/\\\/accesia.info\\\/accesibilidad\\\/#breadcrumb\",\"itemListElement\":[{\"@type\":\"ListItem\",\"position\":1,\"name\":\"Portada\",\"item\":\"https:\\\/\\\/accesia.info\\\/\"},{\"@type\":\"ListItem\",\"position\":2,\"name\":\"Accesibilidad\"}]},{\"@type\":\"WebSite\",\"@id\":\"https:\\\/\\\/accesia.info\\\/#website\",\"url\":\"https:\\\/\\\/accesia.info\\\/\",\"name\":\"Accesia Soluciones\",\"description\":\"\",\"publisher\":{\"@id\":\"https:\\\/\\\/accesia.info\\\/#organization\"},\"potentialAction\":[{\"@type\":\"SearchAction\",\"target\":{\"@type\":\"EntryPoint\",\"urlTemplate\":\"https:\\\/\\\/accesia.info\\\/?s={search_term_string}\"},\"query-input\":{\"@type\":\"PropertyValueSpecification\",\"valueRequired\":true,\"valueName\":\"search_term_string\"}}],\"inLanguage\":\"en-GB\"},{\"@type\":\"Organization\",\"@id\":\"https:\\\/\\\/accesia.info\\\/#organization\",\"name\":\"Accesia Soluciones\",\"url\":\"https:\\\/\\\/accesia.info\\\/\",\"logo\":{\"@type\":\"ImageObject\",\"inLanguage\":\"en-GB\",\"@id\":\"https:\\\/\\\/accesia.info\\\/#\\\/schema\\\/logo\\\/image\\\/\",\"url\":\"https:\\\/\\\/accesia.info\\\/wp-content\\\/uploads\\\/2023\\\/07\\\/cropped-Diseno-sin-titulo-15.png\",\"contentUrl\":\"https:\\\/\\\/accesia.info\\\/wp-content\\\/uploads\\\/2023\\\/07\\\/cropped-Diseno-sin-titulo-15.png\",\"width\":512,\"height\":512,\"caption\":\"Accesia Soluciones\"},\"image\":{\"@id\":\"https:\\\/\\\/accesia.info\\\/#\\\/schema\\\/logo\\\/image\\\/\"},\"sameAs\":[\"https:\\\/\\\/www.facebook.com\\\/people\\\/Accesia-Soluciones\\\/100093845105950\\\/?_rdr\",\"https:\\\/\\\/x.com\\\/Accesia_\",\"https:\\\/\\\/www.instagram.com\\\/accesiasoluciones\\\/\",\"https:\\\/\\\/es.linkedin.com\\\/company\\\/accesia-soluciones\"]}]}<\/script>\n<!-- \/ Yoast SEO plugin. -->","yoast_head_json":{"title":"Accessibility - Accesia","robots":{"index":"index","follow":"follow","max-snippet":"max-snippet:-1","max-image-preview":"max-image-preview:large","max-video-preview":"max-video-preview:-1"},"canonical":"https:\/\/accesia.info\/en\/accesibilidad\/","og_locale":"en_GB","og_type":"article","og_title":"Accesibilidad - Accesia","og_description":"Declaraci\u00f3n de accesibilidad","og_url":"https:\/\/accesia.info\/en\/accesibilidad\/","og_site_name":"Accesia","article_publisher":"https:\/\/www.facebook.com\/people\/Accesia-Soluciones\/100093845105950\/?_rdr","article_modified_time":"2024-07-12T16:57:30+00:00","twitter_card":"summary_large_image","twitter_site":"@Accesia_","schema":{"@context":"https:\/\/schema.org","@graph":[{"@type":"WebPage","@id":"https:\/\/accesia.info\/accesibilidad\/","url":"https:\/\/accesia.info\/accesibilidad\/","name":"Accessibility - Accesia","isPartOf":{"@id":"https:\/\/accesia.info\/#website"},"datePublished":"2023-11-21T14:45:07+00:00","dateModified":"2024-07-12T16:57:30+00:00","breadcrumb":{"@id":"https:\/\/accesia.info\/accesibilidad\/#breadcrumb"},"inLanguage":"en-GB","potentialAction":[{"@type":"ReadAction","target":["https:\/\/accesia.info\/accesibilidad\/"]}]},{"@type":"BreadcrumbList","@id":"https:\/\/accesia.info\/accesibilidad\/#breadcrumb","itemListElement":[{"@type":"ListItem","position":1,"name":"Portada","item":"https:\/\/accesia.info\/"},{"@type":"ListItem","position":2,"name":"Accesibilidad"}]},{"@type":"WebSite","@id":"https:\/\/accesia.info\/#website","url":"https:\/\/accesia.info\/","name":"Accesia Solutions","description":"","publisher":{"@id":"https:\/\/accesia.info\/#organization"},"potentialAction":[{"@type":"SearchAction","target":{"@type":"EntryPoint","urlTemplate":"https:\/\/accesia.info\/?s={search_term_string}"},"query-input":{"@type":"PropertyValueSpecification","valueRequired":true,"valueName":"search_term_string"}}],"inLanguage":"en-GB"},{"@type":"Organization","@id":"https:\/\/accesia.info\/#organization","name":"Accesia Solutions","url":"https:\/\/accesia.info\/","logo":{"@type":"ImageObject","inLanguage":"en-GB","@id":"https:\/\/accesia.info\/#\/schema\/logo\/image\/","url":"https:\/\/accesia.info\/wp-content\/uploads\/2023\/07\/cropped-Diseno-sin-titulo-15.png","contentUrl":"https:\/\/accesia.info\/wp-content\/uploads\/2023\/07\/cropped-Diseno-sin-titulo-15.png","width":512,"height":512,"caption":"Accesia Soluciones"},"image":{"@id":"https:\/\/accesia.info\/#\/schema\/logo\/image\/"},"sameAs":["https:\/\/www.facebook.com\/people\/Accesia-Soluciones\/100093845105950\/?_rdr","https:\/\/x.com\/Accesia_","https:\/\/www.instagram.com\/accesiasoluciones\/","https:\/\/es.linkedin.com\/company\/accesia-soluciones"]}]}},"builder_content":"<h1>Declaraci\u00f3n de accesibilidad<\/h1>\n<p>Accesia Soluciones S.L., en adelante \u201cel responsable del sitio\u201d, se ha comprometido a hacer accesible este sitio web que est\u00e1s visitando, de conformidad con el Real Decreto 1112\/2018, de 7 de septiembre, sobre accesibilidad de los sitios web y aplicaciones para dispositivos m\u00f3viles del sector p\u00fablico que traspone la Directiva (UE) 2016\/2102 del Parlamento Europeo y del Consejo.<\/p> <p>La presente declaraci\u00f3n de accesibilidad se aplica a la web de accesia.info.<\/p> <p>Aunque el art\u00edculo 15 del Real Decreto 1112\/2018 obliga a realizar esta declaraci\u00f3n de accesibilidad, la intenci\u00f3n de este documento es mucho m\u00e1s ambiciosa e intenta ofrecer una informaci\u00f3n clara, detallada y exhaustiva sobre la accesibilidad del sitio. Para ello vamos a explicarte:<\/p> <ol> <li>Qu\u00e9 partes del sitio tienen implementadas medidas de accesibilidad y cuales no.<\/li> <li>C\u00f3mo puedes comunicar con el responsable de esta web.<\/li> <li>C\u00f3mo puedes presentar una reclamaci\u00f3n relacionada con la accesibilidad de este sitio.<\/li> <li>Compatibilidad.<\/li> <\/ol> <p>El responsable del sitio ha plasmado su compromiso con la accesibilidad web a trav\u00e9s de la declaraci\u00f3n institucional de fecha 12\/07\/2024 que puedes consultar en <a href=\"https:\/\/accesia.info\/accesibilidad\/\" target=\"_new\" rel=\"noreferrer\">este enlace<\/a>.<\/p> <h3>Qu\u00e9 partes del sitio tienen implementadas medidas de accesibilidad y cuales no.<\/h3> <p>El sitio web que visitas tiene contenidos que son parcialmente accesibles y conformes con el Real Decreto 1112\/2018. Este sitio web aplica los requisitos de la Norma UNE-EN 301549:2022 considerando las excepciones del RD 1112\/2018. No obstante, el responsable del sitio ha querido asumir un compromiso m\u00e1s profundo con la accesibilidad de aquel que se exige legalmente.<\/p> <p>El sitio web que visitas tiene implementado un asistente de accesibilidad que asegura que todas las personas, incluidas aquellas con discapacidades, puedan acceder a la informaci\u00f3n y navegar sin dificultades. Este software ha sido desarrollado por ACCESIA SOLUCIONES SL (<a href=\"https:\/\/accesia.info\/\" target=\"_new\" rel=\"noreferrer\">https:\/\/accesia.info\/<\/a>).<\/p> <p>Por otro lado, se ha detectado algunos contenidos que por su naturaleza no son conformes con la accesibilidad. En concreto te informamos de que:<\/p> <ul> <li>Existen contenidos no textuales que pueden carecer de una alternativa textual, o que tienen una alternativa que no es adecuada [requisito n\u00famero 9.1.1.1 de la UNE-EN 301549:2022].<\/li> <li>Podr\u00edan darse errores relacionados con los v\u00eddeos, subt\u00edtulos y audiodescripciones y su acceso para todos los usuarios [requisitos n\u00famero 9.1.2.3 de la UNE-EN 301549:2022].<\/li> <\/ul> <h3>\u00bfC\u00f3mo facilita la navegaci\u00f3n el asistente de accesibilidad?<\/h3> <p>Las funciones de AYUDA VISUAL ofrecen estas herramientas:<\/p> <ul> <li>Activar Locuciones<\/li> <li>Modo Blanco y Negro<\/li> <li>Modo Contraste<\/li> <li>Destacar Foco<\/li> <li>Aumentar tama\u00f1o de la fuente<\/li> <li>Modo Legible<\/li> <li>Aumentar tama\u00f1o de la p\u00e1gina<\/li> <li>Cursor grande<\/li> <li>Sonido al hacer click<\/li> <li>Destacar enlaces<\/li> <li>Descripci\u00f3n de im\u00e1genes<\/li> <\/ul> <p>Las funciones de AYUDA AUDITIVA ofrecen estas herramientas:<\/p> <ul> <li>Activar o desactivar los videos en lengua de signos espa\u00f1ola<\/li> <\/ul> <p>Las funciones de AYUDA COGNITIVA ofrecen estas herramientas:<\/p> <ul> <li>Activar pictogramas<\/li> <li>Activar o desactivar videos de lengua de signos espa\u00f1ola<\/li> <li>Cursor grande<\/li> <li>Destacar enlaces<\/li> <li>Modo legible<\/li> <li>Modo dislexia<\/li> <li>Sonido al hacer click<\/li> <li>Descripci\u00f3n de im\u00e1genes<\/li> <\/ul> <p>Todos estos datos te los presentamos conforme a la AUTOEVALUACI\u00d3N que ha llevado a cabo el responsable del sitio web. Esta declaraci\u00f3n ha sido preparada el 12\/07\/2024 y ser\u00e1 revisada y actualizada peri\u00f3dicamente, como m\u00ednimo una vez al a\u00f1o tal y como obliga el art\u00edculo 15 del Real Decreto 1112\/2018.<\/p> <p>Puedes consultar la evaluaci\u00f3n realizada sobre la accesibilidad de la web en <a href=\"https:\/\/accesia.info\/asistente-accesibilidad\/\" target=\"_new\" rel=\"noreferrer\">este enlace<\/a>.<\/p> <h3>C\u00f3mo puedes comunicar con el responsable de esta web<\/h3> <p>El responsable de la web te facilita los siguientes medios de contacto:<\/p> <ul> <li>Email: <a rel=\"noreferrer\">contacto@accesia.info<\/a><\/li> <li>Formulario web en <a href=\"https:\/\/accesia.info\/contacto\/\" target=\"_new\" rel=\"noreferrer\">este enlace<\/a><\/li> <li>Tel\u00e9fono: <a rel=\"noreferrer\">contacto@accesia.info<\/a><\/li> <\/ul> <p>A trav\u00e9s de cualquiera de estos medios puedes informarnos de cualquier incumplimiento de los requisitos de accesibilidad o solicitar la informaci\u00f3n en materia de accesibilidad de nuestra web que necesites.<\/p> <p>Accesia Soluciones S.L. ha dado competencias en materia de accesibilidad a Angel Lopez Ramirez. Cualquier solicitud enviada a trav\u00e9s de los mecanismos de comunicaci\u00f3n que te hemos indicado ser\u00e1n conocidos y estudiados con detalle.<\/p> <h3>C\u00f3mo puedes presentar una reclamaci\u00f3n relacionada con la accesibilidad de este sitio<\/h3> <p>En caso de que hayas notificado cualquier incidencia o incumplimiento de los requisitos de accesibilidad o de que hayas solicitado la informaci\u00f3n en materia de accesibilidad de nuestra web y la respuesta no haya resultado satisfactoria, puedes realizar una reclamaci\u00f3n a trav\u00e9s de <a href=\"https:\/\/accesia.info\/contacto\/\" target=\"_new\" rel=\"noreferrer\">este enlace<\/a>.<\/p><p>La reclamaci\u00f3n ser\u00e1 resuelta por Accesia Soluciones y te ser\u00e1 notificada. La resoluci\u00f3n tendr\u00e1 lugar antes de 20 d\u00edas h\u00e1biles.<\/p><h3>Compatibilidad<\/h3><p>Este sitio se ha dise\u00f1ado adapt\u00e1ndose a los est\u00e1ndares y normativas vigentes en relaci\u00f3n a la accesibilidad, cumpliendo con los puntos de verificaci\u00f3n de prioridad 2 (AA) definidos en la especificaci\u00f3n de Pautas de Accesibilidad al Contenido en la Web (WCAG 2.1). Est\u00e1 optimizado para las \u00faltimas versiones vigentes de Chrome, Edge, Firefox, Safari y Opera. Est\u00e1 dise\u00f1ado para su correcta visualizaci\u00f3n en cualquier resoluci\u00f3n y dispositivo de escritorio, tabletas o m\u00f3viles (dise\u00f1o responsive). Se ha realizado utilizando HTML5 como lenguaje de marcado y hojas de estilo CSS 3 para su dise\u00f1o. Adem\u00e1s, se realiza un trabajo continuo de auditor\u00eda y revisi\u00f3n de contenidos para facilitar su interpretaci\u00f3n y mejorar la navegaci\u00f3n por el portal web.<\/p><p>El sitio fue publicado en 14 de enero del 2023.<\/p><p>Texto legal redactado por BUFETE ABOGADO AMIGO (<a rel=\"noreferrer\" target=\"_new\" href=\"https:\/\/www.abogadoamigo.com\/\">https:\/\/www.abogadoamigo.com\/<\/a>).<\/p>","_links":{"self":[{"href":"https:\/\/accesia.info\/en\/wp-json\/wp\/v2\/pages\/954","targetHints":{"allow":["GET"]}}],"collection":[{"href":"https:\/\/accesia.info\/en\/wp-json\/wp\/v2\/pages"}],"about":[{"href":"https:\/\/accesia.info\/en\/wp-json\/wp\/v2\/types\/page"}],"author":[{"embeddable":true,"href":"https:\/\/accesia.info\/en\/wp-json\/wp\/v2\/users\/2"}],"replies":[{"embeddable":true,"href":"https:\/\/accesia.info\/en\/wp-json\/wp\/v2\/comments?post=954"}],"version-history":[{"count":12,"href":"https:\/\/accesia.info\/en\/wp-json\/wp\/v2\/pages\/954\/revisions"}],"predecessor-version":[{"id":1591,"href":"https:\/\/accesia.info\/en\/wp-json\/wp\/v2\/pages\/954\/revisions\/1591"}],"wp:attachment":[{"href":"https:\/\/accesia.info\/en\/wp-json\/wp\/v2\/media?parent=954"}],"curies":[{"name":"wp","href":"https:\/\/api.w.org\/{rel}","templated":true}]}}