{"id":106,"date":"2023-07-03T16:16:57","date_gmt":"2023-07-03T16:16:57","guid":{"rendered":"http:\/\/accesiatest.local\/?page_id=106"},"modified":"2024-06-06T19:04:47","modified_gmt":"2024-06-06T19:04:47","slug":"contacto","status":"publish","type":"page","link":"https:\/\/accesia.info\/va\/contacto\/","title":{"rendered":"Contacte"},"content":{"rendered":"<!--themify_builder_content-->\n<div id=\"themify_builder_content-106\" data-postid=\"106\" class=\"themify_builder_content themify_builder_content-106 themify_builder tf_clear\">\n    \t\t\t<!-- module_row -->\n\t<div  data-css_id=\"54jx962\" data-lazy=\"1\" class=\"module_row themify_builder_row fullwidth tb_54jx962 tb_first tf_w tf_clearfix\">\n\t    \t\t\t<div class=\"row_inner col_align_top tb_col_count_1 tf_box tf_rel\">\n\t\t            <div  data-lazy=\"1\" class=\"module_column tb-column col-full tb_wjsu962 first\">\n                                                        <div class=\"tb-column-inner tf_box tf_w\">\n                        <!-- module text -->\n<div  class=\"module module-text tb_mwtz962  repeat \" data-lazy=\"1\">\n        <div  class=\"tb_text_wrap\">\n    <h1 style=\"text-align: center;\"><strong>Contacto<\/strong><\/h1>    <\/div>\n<\/div>\n<!-- \/module text -->                    <\/div><!-- .tb-column-inner -->\n                            <\/div><!-- .module_column -->\n            \t    <\/div><!-- .row_inner -->\n\t<\/div><!-- .module_row -->\n\t\t\t\t<!-- module_row -->\n\t<div  data-lazy=\"1\" class=\"module_row themify_builder_row tb_te7g532 tf_w tf_clearfix\">\n\t    \t\t\t<div class=\"row_inner col_align_top tb_col_count_2 tf_box tf_rel\">\n\t\t            <div  data-lazy=\"1\" class=\"module_column tb-column col4-2 tb_solj532 first\">\n                                                        <div class=\"tb-column-inner tf_box tf_w\">\n                        <!-- module text -->\n<div  class=\"module module-text tb_q51o532   \" data-lazy=\"1\">\n        <div  class=\"tb_text_wrap\">\n    <h2>Informaci\u00f3n de contacto<\/h2>    <\/div>\n<\/div>\n<!-- \/module text --><!-- module text -->\n<div  class=\"module module-text tb_4c2f532   \" data-lazy=\"1\">\n        <div  class=\"tb_text_wrap\">\n    <p>Si tienes alguna <b>duda<\/b> o simplemente deseas <b>obtener m\u00e1s informaci\u00f3n sobre nuestros servicios <\/b>de accesibilidad web, no dudes en ponerte en contacto con nosotros. Estamos aqu\u00ed para ayudarte.<br><br>Puedes <b>completar el formulario de contacto<\/b> a continuaci\u00f3n,<b> enviarnos un correo electr\u00f3nico o llamarnos por telefono. <\/b><br><br>Nuestro equipo profesional estar\u00e1 encantado de responder a tus consultas y brindarte el asesoramiento necesario.<\/p>    <\/div>\n<\/div>\n<!-- \/module text --><!-- module image -->\n<div  class=\"module module-image tb_409d532   image-top tf_mw\" data-lazy=\"1\" id=\"ContacteS1-logo-2\">\n        <div class=\"image-wrap tf_rel tf_mw\">\n\t\t    <a href=\"\/inici\/\"\n\t       \t       >\n\t\t   \t\t<img decoding=\"async\" src=\"https:\/\/accesia.info\/wp-content\/uploads\/2023\/07\/Logo-Accesia-Completo-Blanco.svg\" width=\"200\" class=\"wp-post-image wp-image-175\" title=\"Logo de Accesia Soluciones S.L.\" alt=\"Logo de Accesia Soluciones S.L.\">\t    <\/a>\n\t\n\t\t<\/div>\n\t<!-- \/image-wrap -->\n    \n    \t<\/div>\n<!-- \/module image --><!-- module icon -->\n<div  class=\"module module-icon tb_8ha9532  large circle icon_horizontal \" data-lazy=\"1\">\n        <div class=\"module-icon-item\">\n\t    \t\t<a href=\"tel:+34662671821\" rel=\"noopener\" target=\"_blank\">\n\t    \t\t\t\t\t\t    <em class=\"tf_box\" style=\"background-color:#2d5099;color:#ffffff\"><svg  class=\"tf_fa tf-fas-phone\" aria-hidden=\"true\"><use href=\"#tf-fas-phone\"><\/use><\/svg><\/em>\n\t\t\t\t\t\t    \t    \t    <span>+34 662 67 18 21<\/span>\n\t\t    \t\t\t\t\t\t<\/a>\n\t\t        <\/div>\n\t<\/div>\n<!-- \/module icon -->\n<!-- module icon -->\n<div  class=\"module module-icon tb_oink532  large circle icon_horizontal \" data-lazy=\"1\">\n        <div class=\"module-icon-item\">\n\t    \t\t<a href=\"mailto:contacto@accesia.info\" rel=\"noopener\" target=\"_blank\">\n\t    \t\t\t\t\t\t    <em class=\"tf_box\" style=\"background-color:#2d5099;color:#ffffff\"><svg  class=\"tf_fa tf-ti-email\" aria-hidden=\"true\"><use href=\"#tf-ti-email\"><\/use><\/svg><\/em>\n\t\t\t\t\t\t    \t    \t    <span>contacto@accesia.info<\/span>\n\t\t    \t\t\t\t\t\t<\/a>\n\t\t        <\/div>\n\t<\/div>\n<!-- \/module icon -->\n                    <\/div><!-- .tb-column-inner -->\n                            <\/div><!-- .module_column -->\n                        <div  data-lazy=\"1\" class=\"module_column tb-column col4-2 tb_7ap6532 last\">\n                                                        <div class=\"tb-column-inner tf_box tf_w\">\n                        <!-- module plain text -->\n<div  class=\"module module-plain-text tb_d4co532 \" data-lazy=\"1\" id=\"Form-Contacte-2-2\">\n        <div class=\"tb_text_wrap\">\n\t<div class=\"frm_forms  with_frm_style frm_style_estilos-formidable\" id=\"frm_form_2_container\" data-token=\"775975a979c3c629dc31a0edd97b1bfa\">\n<form enctype=\"multipart\/form-data\" method=\"post\" class=\"frm-show-form \" id=\"form_formulario-de-contacto\" data-token=\"775975a979c3c629dc31a0edd97b1bfa\">\n<div class=\"frm_form_fields \">\n<fieldset>\n<legend class=\"frm_screen_reader\">Formulario de contacto<\/legend>\r\n\r\n<div class=\"frm_fields_container\">\n<input type=\"hidden\" name=\"frm_action\" value=\"create\" \/>\n<input type=\"hidden\" name=\"form_id\" value=\"2\" \/>\n<input type=\"hidden\" name=\"frm_hide_fields_2\" id=\"frm_hide_fields_2\" value=\"\" \/>\n<input type=\"hidden\" name=\"form_key\" value=\"formulario-de-contacto\" \/>\n<input type=\"hidden\" name=\"item_meta[0]\" value=\"\" \/>\n<input type=\"hidden\" id=\"frm_submit_entry_2\" name=\"frm_submit_entry_2\" value=\"5bde97d363\" \/><input type=\"hidden\" name=\"_wp_http_referer\" value=\"\/va\/wp-json\/wp\/v2\/pages\/106\" \/><div id=\"frm_field_6_container\" class=\"frm_form_field form-field  frm_required_field frm_top_container frm12 frm_first\">\r\n    <label for=\"field_qh4icy2\" id=\"field_qh4icy2_label\" class=\"frm_primary_label\">Nombre\r\n        <span class=\"frm_required\" aria-hidden=\"true\">*<\/span>\r\n    <\/label>\r\n    <input type=\"text\" id=\"field_qh4icy2\" name=\"item_meta[6]\" value=\"\"  placeholder=\"Ejemplo: Mar\u00eda Gonz\u00e1lez\" data-reqmsg=\"Este campo no puede estar en blanco.\" aria-required=\"true\" data-invmsg=\"Name no es v\u00e1lido\" aria-invalid=\"false\"   aria-describedby=\"frm_desc_field_qh4icy2\"\/>\r\n    <div class=\"frm_description\" id=\"frm_desc_field_qh4icy2\">Escribe tu nombre completo para que podamos dirigirnos a ti correctamente.<\/div>\r\n    \r\n<\/div>\n<div id=\"frm_field_8_container\" class=\"frm_form_field form-field  frm_required_field frm_top_container frm_full\">\r\n    <label for=\"field_29yf4d2\" id=\"field_29yf4d2_label\" class=\"frm_primary_label\">Correo electr\u00f3nico\r\n        <span class=\"frm_required\" aria-hidden=\"true\">*<\/span>\r\n    <\/label>\r\n    <input type=\"email\" id=\"field_29yf4d2\" name=\"item_meta[8]\" value=\"\"  placeholder=\"Ejemplo: maria@gmail.com\" data-reqmsg=\"Este campo no puede estar en blanco.\" aria-required=\"true\" data-invmsg=\"Please enter a valid email address\" aria-invalid=\"false\"   aria-describedby=\"frm_desc_field_29yf4d2\"\/>\r\n    <div class=\"frm_description\" id=\"frm_desc_field_29yf4d2\">Introduce una direcci\u00f3n de correo v\u00e1lida. Te escribiremos all\u00ed para responder a tu consulta.<\/div>\r\n    \r\n<\/div>\n<div id=\"frm_field_9_container\" class=\"frm_form_field form-field  frm_required_field frm_top_container frm_full\">\r\n    <label for=\"field_e6lis62\" id=\"field_e6lis62_label\" class=\"frm_primary_label\">Asunto\r\n        <span class=\"frm_required\" aria-hidden=\"true\">*<\/span>\r\n    <\/label>\r\n    <input type=\"text\" id=\"field_e6lis62\" name=\"item_meta[9]\" value=\"\"  placeholder=\"Ejemplo: Consulta sobre accesibilidad web\" data-reqmsg=\"Este campo no puede estar en blanco.\" aria-required=\"true\" data-invmsg=\"Subject no es v\u00e1lido\" aria-invalid=\"false\"   aria-describedby=\"frm_desc_field_e6lis62\"\/>\r\n    <div class=\"frm_description\" id=\"frm_desc_field_e6lis62\">Resume brevemente el motivo de tu mensaje.<\/div>\r\n    \r\n<\/div>\n<div id=\"frm_field_10_container\" class=\"frm_form_field form-field  frm_required_field frm_top_container frm_full\">\r\n    <label for=\"field_9jv0r12\" id=\"field_9jv0r12_label\" class=\"frm_primary_label\">Mensaje\r\n        <span class=\"frm_required\" aria-hidden=\"true\">*<\/span>\r\n    <\/label>\r\n    <textarea name=\"item_meta[10]\" id=\"field_9jv0r12\" rows=\"5\"  placeholder=\"Escribe tu mensaje aqu\u00ed...\" data-reqmsg=\"Este campo no puede estar en blanco.\" aria-required=\"true\" data-invmsg=\"Mensaje is invalid\" aria-invalid=\"false\"   aria-describedby=\"frm_desc_field_9jv0r12\"><\/textarea>\r\n    <div class=\"frm_description\" id=\"frm_desc_field_9jv0r12\">Cu\u00e9ntanos con detalle en qu\u00e9 podemos ayudarte. Cuanta m\u00e1s informaci\u00f3n nos des, mejor podremos responderte.<\/div>\r\n    \r\n<\/div>\n<div id=\"frm_field_11_container\" class=\"frm_form_field form-field  frm_required_field frm_top_container vertical_radio\">\r\n    <div  id=\"field_nvsq0_label\" class=\"frm_primary_label\">\r\n        <span class=\"frm_required\" aria-hidden=\"true\">*<\/span>\r\n    <\/div>\r\n    <div class=\"frm_opt_container\" aria-labelledby=\"field_nvsq0_label\" role=\"group\">\t\t<div class=\"frm_checkbox\" id=\"frm_checkbox_11-0\">\t\t\t<label  for=\"field_nvsq0-0\">\n\t\t\t<input type=\"checkbox\" name=\"item_meta[11][]\" id=\"field_nvsq0-0\" value=\"He le\u00eddo y acepto los &lt;a href=&quot;https:\/\/accesia.info\/politica-de-privacidad\/&quot; target=&quot;_blank&quot; rel=&quot;noopener noreferrer&quot;&gt;t\u00e9rminos de privacidad del sitio web&lt;\/a&gt;.\"  data-reqmsg=\"This field no puede estar en blanco.\" data-invmsg=\"This field is invalid\"   aria-required=\"true\"  \/> He le\u00eddo y acepto los <a href=\"https:\/\/accesia.info\/politica-de-privacidad\/\" target=\"_blank\" rel=\"noopener noreferrer\">t\u00e9rminos de privacidad del sitio web<\/a>.<\/label><\/div>\n<\/div>\r\n    \r\n    \r\n<\/div>\n<div id=\"frm_field_14_container\" class=\"frm_form_field form-field  frm_none_container\">\n\t<label for=\"cf-turnstile-response\" id=\"field_6peq7_label\" class=\"frm_primary_label\">Captcha\n\t\t<span class=\"frm_required\" aria-hidden=\"true\"><\/span>\n\t<\/label>\n\t<div  id=\"field_6peq7\" class=\"frm-cf-turnstile\" data-sitekey=\"0x4AAAAAABlZAPSskTeXdA6o\" data-language=\"ca\" data-size=\"normal\" data-theme=\"light\"><\/div>\n\t\n\t\n<\/div>\n<div id=\"frm_field_12_container\" class=\"frm_form_field form-field \">\r\n\t<div class=\"frm_submit\">\r\n\r\n<button class=\"frm_button_submit\" type=\"submit\"  >Enviar<\/button>\r\n\r\n<\/div>\r\n<\/div>\n\t<input type=\"hidden\" name=\"item_key\" value=\"\" \/>\n\t\t\t<div id=\"frm_field_15_container\">\n\t\t\t<label for=\"field_jo0sc\" >\n\t\t\t\tIf you are human, leave this field blank.\t\t\t<\/label>\n\t\t\t<input  id=\"field_jo0sc\" type=\"text\" class=\"frm_form_field form-field frm_verify\" name=\"item_meta[15]\" value=\"\"  \/>\n\t\t<\/div>\n\t\t<input name=\"frm_state\" type=\"hidden\" value=\"e6ANdu\/bDh3kmCHlBLO5XOn3YMP6jW+bCvhyLdGNeUI=\" \/><\/div>\n<\/fieldset>\n<\/div>\n\n<\/form>\n<\/div>\n    <\/div>\n<\/div>\n<!-- \/module plain text -->                    <\/div><!-- .tb-column-inner -->\n                            <\/div><!-- .module_column -->\n            \t    <\/div><!-- .row_inner -->\n\t<\/div><!-- .module_row -->\n\t<\/div>\n<!--\/themify_builder_content-->","protected":false},"excerpt":{"rendered":"<p>Contacte<\/p>","protected":false},"author":3,"featured_media":0,"parent":0,"menu_order":0,"comment_status":"closed","ping_status":"closed","template":"","meta":{"footnotes":""},"class_list":["post-106","page","type-page","status-publish","hentry","has-post-title","has-post-date","has-post-category","has-post-tag","has-post-comment","has-post-author",""],"yoast_head":"<!-- This site is optimized with the Yoast SEO plugin v27.1.1 - https:\/\/yoast.com\/product\/yoast-seo-wordpress\/ -->\n<title>Contacto - Accesia<\/title>\n<meta name=\"robots\" content=\"index, follow, max-snippet:-1, max-image-preview:large, max-video-preview:-1\" \/>\n<link rel=\"canonical\" href=\"https:\/\/accesia.info\/va\/contacto\/\" \/>\n<meta property=\"og:locale\" content=\"ca_ES\" \/>\n<meta property=\"og:type\" content=\"article\" \/>\n<meta property=\"og:title\" content=\"Contacto - Accesia\" \/>\n<meta property=\"og:description\" content=\"Contacto\" \/>\n<meta property=\"og:url\" content=\"https:\/\/accesia.info\/va\/contacto\/\" \/>\n<meta property=\"og:site_name\" content=\"Accesia\" \/>\n<meta property=\"article:publisher\" content=\"https:\/\/www.facebook.com\/people\/Accesia-Soluciones\/100093845105950\/?_rdr\" \/>\n<meta property=\"article:modified_time\" content=\"2024-06-06T19:04:47+00:00\" \/>\n<meta name=\"twitter:card\" content=\"summary_large_image\" \/>\n<meta name=\"twitter:site\" content=\"@Accesia_\" \/>\n<script type=\"application\/ld+json\" class=\"yoast-schema-graph\">{\"@context\":\"https:\/\/schema.org\",\"@graph\":[{\"@type\":\"WebPage\",\"@id\":\"https:\/\/accesia.info\/contacto\/\",\"url\":\"https:\/\/accesia.info\/contacto\/\",\"name\":\"Contacto - Accesia\",\"isPartOf\":{\"@id\":\"https:\/\/accesia.info\/#website\"},\"datePublished\":\"2023-07-03T16:16:57+00:00\",\"dateModified\":\"2024-06-06T19:04:47+00:00\",\"breadcrumb\":{\"@id\":\"https:\/\/accesia.info\/contacto\/#breadcrumb\"},\"inLanguage\":\"ca\",\"potentialAction\":[{\"@type\":\"ReadAction\",\"target\":[\"https:\/\/accesia.info\/contacto\/\"]}]},{\"@type\":\"BreadcrumbList\",\"@id\":\"https:\/\/accesia.info\/contacto\/#breadcrumb\",\"itemListElement\":[{\"@type\":\"ListItem\",\"position\":1,\"name\":\"Portada\",\"item\":\"https:\/\/accesia.info\/\"},{\"@type\":\"ListItem\",\"position\":2,\"name\":\"Contacto\"}]},{\"@type\":\"WebSite\",\"@id\":\"https:\/\/accesia.info\/#website\",\"url\":\"https:\/\/accesia.info\/\",\"name\":\"Accesia Soluciones\",\"description\":\"\",\"publisher\":{\"@id\":\"https:\/\/accesia.info\/#organization\"},\"potentialAction\":[{\"@type\":\"SearchAction\",\"target\":{\"@type\":\"EntryPoint\",\"urlTemplate\":\"https:\/\/accesia.info\/?s={search_term_string}\"},\"query-input\":{\"@type\":\"PropertyValueSpecification\",\"valueRequired\":true,\"valueName\":\"search_term_string\"}}],\"inLanguage\":\"ca\"},{\"@type\":\"Organization\",\"@id\":\"https:\/\/accesia.info\/#organization\",\"name\":\"Accesia Soluciones\",\"url\":\"https:\/\/accesia.info\/\",\"logo\":{\"@type\":\"ImageObject\",\"inLanguage\":\"ca\",\"@id\":\"https:\/\/accesia.info\/#\/schema\/logo\/image\/\",\"url\":\"https:\/\/accesia.info\/wp-content\/uploads\/2023\/07\/cropped-Diseno-sin-titulo-15.png\",\"contentUrl\":\"https:\/\/accesia.info\/wp-content\/uploads\/2023\/07\/cropped-Diseno-sin-titulo-15.png\",\"width\":512,\"height\":512,\"caption\":\"Accesia Soluciones\"},\"image\":{\"@id\":\"https:\/\/accesia.info\/#\/schema\/logo\/image\/\"},\"sameAs\":[\"https:\/\/www.facebook.com\/people\/Accesia-Soluciones\/100093845105950\/?_rdr\",\"https:\/\/x.com\/Accesia_\",\"https:\/\/www.instagram.com\/accesiasoluciones\/\",\"https:\/\/es.linkedin.com\/company\/accesia-soluciones\"]}]}<\/script>\n<!-- \/ Yoast SEO plugin. -->","yoast_head_json":{"title":"Contacte - Accessia","robots":{"index":"index","follow":"follow","max-snippet":"max-snippet:-1","max-image-preview":"max-image-preview:large","max-video-preview":"max-video-preview:-1"},"canonical":"https:\/\/accesia.info\/va\/contacto\/","og_locale":"ca_ES","og_type":"article","og_title":"Contacto - Accesia","og_description":"Contacto","og_url":"https:\/\/accesia.info\/va\/contacto\/","og_site_name":"Accesia","article_publisher":"https:\/\/www.facebook.com\/people\/Accesia-Soluciones\/100093845105950\/?_rdr","article_modified_time":"2024-06-06T19:04:47+00:00","twitter_card":"summary_large_image","twitter_site":"@Accesia_","schema":{"@context":"https:\/\/schema.org","@graph":[{"@type":"WebPage","@id":"https:\/\/accesia.info\/contacto\/","url":"https:\/\/accesia.info\/contacto\/","name":"Contacte - Accessia","isPartOf":{"@id":"https:\/\/accesia.info\/#website"},"datePublished":"2023-07-03T16:16:57+00:00","dateModified":"2024-06-06T19:04:47+00:00","breadcrumb":{"@id":"https:\/\/accesia.info\/contacto\/#breadcrumb"},"inLanguage":"ca","potentialAction":[{"@type":"ReadAction","target":["https:\/\/accesia.info\/contacto\/"]}]},{"@type":"BreadcrumbList","@id":"https:\/\/accesia.info\/contacto\/#breadcrumb","itemListElement":[{"@type":"ListItem","position":1,"name":"Portada","item":"https:\/\/accesia.info\/"},{"@type":"ListItem","position":2,"name":"Contacto"}]},{"@type":"WebSite","@id":"https:\/\/accesia.info\/#website","url":"https:\/\/accesia.info\/","name":"Accessia Solucions","description":"","publisher":{"@id":"https:\/\/accesia.info\/#organization"},"potentialAction":[{"@type":"SearchAction","target":{"@type":"EntryPoint","urlTemplate":"https:\/\/accesia.info\/?s={search_term_string}"},"query-input":{"@type":"PropertyValueSpecification","valueRequired":true,"valueName":"search_term_string"}}],"inLanguage":"ca"},{"@type":"Organization","@id":"https:\/\/accesia.info\/#organization","name":"Accessia Solucions","url":"https:\/\/accesia.info\/","logo":{"@type":"ImageObject","inLanguage":"ca","@id":"https:\/\/accesia.info\/#\/schema\/logo\/image\/","url":"https:\/\/accesia.info\/wp-content\/uploads\/2023\/07\/cropped-Diseno-sin-titulo-15.png","contentUrl":"https:\/\/accesia.info\/wp-content\/uploads\/2023\/07\/cropped-Diseno-sin-titulo-15.png","width":512,"height":512,"caption":"Accesia Soluciones"},"image":{"@id":"https:\/\/accesia.info\/#\/schema\/logo\/image\/"},"sameAs":["https:\/\/www.facebook.com\/people\/Accesia-Soluciones\/100093845105950\/?_rdr","https:\/\/x.com\/Accesia_","https:\/\/www.instagram.com\/accesiasoluciones\/","https:\/\/es.linkedin.com\/company\/accesia-soluciones"]}]}},"builder_content":"<h1 style=\"text-align: center;\"><strong>Contacto<\/strong><\/h1>\n<h2>Informaci\u00f3n de contacto<\/h2>\n<p>Si tienes alguna <b>duda<\/b> o simplemente deseas <b>obtener m\u00e1s informaci\u00f3n sobre nuestros servicios <\/b>de accesibilidad web, no dudes en ponerte en contacto con nosotros. Estamos aqu\u00ed para ayudarte.<br><br>Puedes <b>completar el formulario de contacto<\/b> a continuaci\u00f3n,<b> enviarnos un correo electr\u00f3nico o llamarnos por telefono. <\/b><br><br>Nuestro equipo profesional estar\u00e1 encantado de responder a tus consultas y brindarte el asesoramiento necesario.<\/p>\n<a href=\"\/inici\/\" > <img src=\"https:\/\/accesia.info\/wp-content\/uploads\/2023\/07\/Logo-Accesia-Completo-Blanco.svg\" width=\"200\" title=\"Logo de Accesia Soluciones S.L.\" alt=\"Logo de Accesia Soluciones S.L.\"> <\/a>\n<a href=\"tel:+34662671821\" rel=\"noopener\" target=\"_blank\"> <em style=\"background-color:#2d5099;color:#ffffff\"><svg aria-hidden=\"true\"><use href=\"#tf-fas-phone\"><\/use><\/svg><\/em> +34 662 67 18 21 <\/a>\n<a href=\"mailto:contacto@accesia.info\" rel=\"noopener\" target=\"_blank\"> <em style=\"background-color:#2d5099;color:#ffffff\"><svg aria-hidden=\"true\"><use href=\"#tf-ti-email\"><\/use><\/svg><\/em> contacto@accesia.info <\/a>\n[formidable id=2]","_links":{"self":[{"href":"https:\/\/accesia.info\/va\/wp-json\/wp\/v2\/pages\/106","targetHints":{"allow":["GET"]}}],"collection":[{"href":"https:\/\/accesia.info\/va\/wp-json\/wp\/v2\/pages"}],"about":[{"href":"https:\/\/accesia.info\/va\/wp-json\/wp\/v2\/types\/page"}],"author":[{"embeddable":true,"href":"https:\/\/accesia.info\/va\/wp-json\/wp\/v2\/users\/3"}],"replies":[{"embeddable":true,"href":"https:\/\/accesia.info\/va\/wp-json\/wp\/v2\/comments?post=106"}],"version-history":[{"count":44,"href":"https:\/\/accesia.info\/va\/wp-json\/wp\/v2\/pages\/106\/revisions"}],"predecessor-version":[{"id":1427,"href":"https:\/\/accesia.info\/va\/wp-json\/wp\/v2\/pages\/106\/revisions\/1427"}],"wp:attachment":[{"href":"https:\/\/accesia.info\/va\/wp-json\/wp\/v2\/media?parent=106"}],"curies":[{"name":"wp","href":"https:\/\/api.w.org\/{rel}","templated":true}]}}