{"id":1261,"date":"2024-03-04T14:59:05","date_gmt":"2024-03-04T14:59:05","guid":{"rendered":"https:\/\/accesia.info\/?page_id=1261"},"modified":"2024-06-06T19:04:18","modified_gmt":"2024-06-06T19:04:18","slug":"tu-web-en-formato-app","status":"publish","type":"page","link":"https:\/\/accesia.info\/va\/tu-web-en-formato-app\/","title":{"rendered":"La teva web en format App"},"content":{"rendered":"<!--themify_builder_content-->\n<div id=\"themify_builder_content-1261\" data-postid=\"1261\" class=\"themify_builder_content themify_builder_content-1261 themify_builder tf_clear\">\n    \t\t\t<!-- module_row -->\n\t<div  data-css_id=\"r2v6541\" data-lazy=\"1\" class=\"module_row themify_builder_row fullwidth tb_r2v6541 tb_first tf_w tf_clearfix\">\n\t    \t\t\t<div class=\"row_inner col_align_top tb_col_count_1 tf_box tf_rel\">\n\t\t            <div  data-lazy=\"1\" class=\"module_column tb-column col-full tb_irk3541 first\">\n                                                        <div class=\"tb-column-inner tf_box tf_w\">\n                        <!-- module text -->\n<div  class=\"module module-text tb_2c2x11  repeat\" data-lazy=\"1\">\n        <div  class=\"tb_text_wrap\">\n    <h1 style=\"text-align: center;\"><strong>El teu lloc web en format APP<\/strong><\/h1>    <\/div>\n<\/div>\n<!-- \/module text -->                    <\/div><!-- .tb-column-inner -->\n                            <\/div><!-- .module_column -->\n            \t    <\/div><!-- .row_inner -->\n\t<\/div><!-- .module_row -->\n\t\t\t\t<!-- module_row -->\n\t<div  data-lazy=\"1\" class=\"module_row themify_builder_row tb_500p750 tf_w tf_clearfix\">\n\t    \t\t\t<div class=\"row_inner col_align_top tb_col_count_2 tf_box tf_rel\">\n\t\t            <div  data-lazy=\"1\" class=\"module_column tb-column col4-2 tb_877l750 first\">\n                                                        <div class=\"tb-column-inner tf_box tf_w\">\n                        <!-- module text -->\n<div  class=\"module module-text tb_wxu3225\" data-lazy=\"1\">\n        <div  class=\"tb_text_wrap\">\n    <p>A <strong>Accesia<\/strong>, oferim un servei especialitzat en convertir la teva p\u00e0gina web en una aplicaci\u00f3 m\u00f2bil, amb la capacitat de ser <strong>publicada a la Play Store per a dispositius Android,<\/strong> i <strong>a m\u00e9s<\/strong> sent <strong>totalment compatible amb iOS i Windows.<\/strong><\/p>\n<p>En base a la teva web, <strong>generarem la teva pr\u00f2pia aplicaci\u00f3<\/strong> per a Android, iOS i Windows, sense la mol\u00e8stia d&#039;haver d&#039;actualitzar manualment o mantenir al dia els \u00faltims continguts, ja que <strong>l&#039;aplicaci\u00f3 s&#039;actualitzar\u00e0 autom\u00e0ticament amb cada modificaci\u00f3 que facis a la teva p\u00e0gina web.<\/strong><\/p>\n<p>A m\u00e9s, <strong>podr\u00e0s enviar notificacions push personalitzades<\/strong> als usuaris que hagin descarregat l&#039;aplicaci\u00f3, <strong>mantenint-los informats i compromesos amb el teu contingut.<\/strong><\/p>\n<p><strong><a href=\"\/contacto\/\">Contacta amb nosaltres<\/a><\/strong> avui per portar la teva pres\u00e8ncia digital al seg\u00fcent nivell amb una aplicaci\u00f3 m\u00f2bil accessible i llesta per a la <strong>Play Store, dispositius iOS o Windows.<\/strong><\/p>    <\/div>\n<\/div>\n<!-- \/module text --><!-- module text -->\n<div  class=\"module module-text tb_hm2j790\" data-lazy=\"1\">\n        <div  class=\"tb_text_wrap\">\n    <h3><b>Descarrega la nostra APP de Demostraci\u00f3<\/b><\/h3>    <\/div>\n<\/div>\n<!-- \/module text --><!-- module buttons -->\n<div  class=\"module module-buttons tb_o5hl119 buttons-horizontal solid\" data-lazy=\"1\">\n    \t<div class=\"module-buttons-item tf_inline_b\">\n\t\t\t\t\t\t\t<a href=\"https:\/\/play.google.com\/store\/apps\/details?id=info.accesia.twa\" class=\"ui builder_button black\" target=\"_blank\" rel=\"noopener\">\n\t\t\t\t\t\t\t\t\t\t\t<span class=\"tf_inline_b tf_vmiddle\">Instal\u00b7lar per Android<\/span>\n\t\t\t\t\t\t\t\t\t\t\t<\/a>\n\t\t\t    \t<\/div>\n    <\/div>\n<!-- \/module buttons -->\n<!-- module plain text -->\n<div  class=\"module module-plain-text tb_e3zf610\" data-lazy=\"1\">\n        <div class=\"tb_text_wrap\">\n\t<style>.superpwa-shortcode-button-wrap{text-align: center;}.superpwa-shortcode-button{width:20%;margin:0 auto; color: #2c2c2c;cursor: pointer;font-size: 2em;padding: 1.5rem;border: 0;transition: all 0.5s;border-radius: 10px;position: relative;min-width: 250px;}.superpwa-shortcode-button:hover{ background: #2b2bff;transition: all 0.5s;\r\n        border-radius: 10px;box-shadow: 0px 6px 15px #0000ff61;padding: 1.5rem 3rem 1.5rem 1.5rem;color: #ffffff;}<\/style><div class=\"superpwa-shortcode-button-wrap\"><div class=\"superpwa-shortcode-button superpwa-add-via-class\">Instal\u00b7lar per a iOS<\/div><\/div>    <\/div>\n<\/div>\n<!-- \/module plain text -->                    <\/div><!-- .tb-column-inner -->\n                            <\/div><!-- .module_column -->\n                        <div  data-lazy=\"1\" class=\"module_column tb-column col4-2 tb_si51729 last\">\n                                                        <div class=\"tb-column-inner tf_box tf_w\">\n                        <!-- module image -->\n<div  class=\"module module-image tb_31nj792 rounded drop-shadow bordered  image-full-overlay tf_mw\" data-lazy=\"1\">\n        <div class=\"image-wrap tf_rel tf_mw\">\n\t\t    <a href=\"https:\/\/play.google.com\/store\/apps\/details?id=info.accesia.twa\"\n\t        rel=\"noopener\" target=\"_blank\"\t       >\n\t\t   \t\t<img loading=\"lazy\" decoding=\"async\" src=\"https:\/\/accesia.info\/wp-content\/uploads\/2024\/03\/Modern-Download-App-Instagram-Post-1024x1024-596x581.jpg\" width=\"596\" height=\"581\" class=\"wp-post-image wp-image-1262\" title=\"Modern Download App Instagram Post\" alt=\"Modern Download App Instagram Post\" srcset=\"https:\/\/accesia.info\/wp-content\/uploads\/2024\/03\/Modern-Download-App-Instagram-Post-1024x1024-596x581.jpg 596w, https:\/\/accesia.info\/wp-content\/uploads\/2024\/03\/Modern-Download-App-Instagram-Post-12x12.jpg 12w\" sizes=\"auto, (max-width: 596px) 100vw, 596px\" \/>\t    <\/a>\n\t\n\t\t<\/div>\n\t<!-- \/image-wrap -->\n    \n    \t<\/div>\n<!-- \/module image -->                    <\/div><!-- .tb-column-inner -->\n                            <\/div><!-- .module_column -->\n            \t    <\/div><!-- .row_inner -->\n\t<\/div><!-- .module_row -->\n\t\t\t\t<!-- module_row -->\n\t<div  data-css_id=\"qngf966\" data-lazy=\"1\" class=\"module_row themify_builder_row fullwidth tb_qngf966 tf_w tf_clearfix\">\n\t    \t\t\t<div class=\"row_inner col_align_top tb_col_count_1 tf_box tf_rel\">\n\t\t            <div  data-lazy=\"1\" class=\"module_column tb-column col-full tb_b2q1966 first\">\n                                                        <div class=\"tb-column-inner tf_box tf_w\">\n                        \t<div  data-lazy=\"1\" class=\"module_subrow themify_builder_sub_row tb_gcgv966 tf_w tf_clearfix\">\n\t    \t\t\t<div class=\"subrow_inner col_align_top gutter-none tb_col_count_2 tf_box tf_w\">\n\t\t            <div  data-lazy=\"1\" class=\"module_column sub_column col3-1 tb_uzdv966 first\">\n                                                        <div class=\"tb-column-inner tf_box tf_w\">\n                        <!-- module image -->\n<div  class=\"module module-image tb_a59e966   image-top tf_mw hide-desktop hide-tablet hide-tablet_landscape\" data-lazy=\"1\">\n        <div class=\"image-wrap tf_rel tf_mw\">\n\t\t    <img loading=\"lazy\" decoding=\"async\" src=\"https:\/\/accesia.info\/wp-content\/uploads\/2023\/07\/istockphoto-879813798-612x612-1-599x298.jpg\" width=\"599\" height=\"298\" class=\"wp-post-image wp-image-165\" title=\"Mans duna persona treballant en un ordinador.\" alt=\"La imagen muestra un primer plano de las manos de una persona de negocios, con la persona trabajando en una computadora. Est\u00e1 utilizando activamente internet y participando en plataformas de redes sociales.\">\t\n\t\t<\/div>\n\t<!-- \/image-wrap -->\n    \n    \t<\/div>\n<!-- \/module image --><!-- module image -->\n<div  class=\"module module-image tb_o4h9669   image-overlay tf_mw hide-mobile\" data-lazy=\"1\">\n        <div class=\"image-wrap tf_rel tf_mw\">\n\t\t    <img loading=\"lazy\" decoding=\"async\" src=\"https:\/\/accesia.info\/wp-content\/uploads\/2023\/07\/istockphoto-879813798-612x612-1-329x258.jpg\" width=\"329\" height=\"258\" class=\"wp-post-image wp-image-165\" title=\"Mans duna persona treballant en un ordinador.\" alt=\"La imagen muestra un primer plano de las manos de una persona de negocios, con la persona trabajando en una computadora. Est\u00e1 utilizando activamente internet y participando en plataformas de redes sociales.\">\t\n\t\n    \t\t\t<\/div>\n\t\t<!-- \/image-wrap -->\n\t<\/div>\n<!-- \/module image -->                    <\/div><!-- .tb-column-inner -->\n                            <\/div><!-- .module_column -->\n                        <div  data-lazy=\"1\" class=\"module_column sub_column col3-2 tb_eytg967 last\">\n                                                        <div class=\"tb-column-inner tf_box tf_w\">\n                        <!-- module text -->\n<div  class=\"module module-text tb_qu5e967\" data-lazy=\"1\">\n        <div  class=\"tb_text_wrap\">\n    <h3 style=\"text-align: center;\">El nostre equip d&#039;experts est\u00e0 llest per ajudar-te a crear una experi\u00e8ncia inclusiva per als visitants<\/h3>    <\/div>\n<\/div>\n<!-- \/module text --><!-- module buttons -->\n<div  class=\"module module-buttons tb_bfo4967 buttons-horizontal solid  rounded buttons-fullwidth\" data-lazy=\"1\">\n    \t<div class=\"module-buttons-item tf_inline_b\">\n\t\t\t\t\t\t\t<a href=\"\/contacto\" class=\"ui builder_button tb_default_color\"  id=\"boton14\">\n\t\t\t\t\t\t\t\t\t\t\t<span class=\"tf_inline_b tf_vmiddle\">Contactar<\/span>\n\t\t\t\t\t\t\t\t\t\t\t<\/a>\n\t\t\t    \t<\/div>\n    <\/div>\n<!-- \/module buttons -->\n<!-- module text -->\n<div  class=\"module module-text tb_5s23967\" data-lazy=\"1\">\n        <div  class=\"tb_text_wrap\">\n    <p style=\"text-align: center;\">No perdis l'oportunitat de marcar la difer\u00e8ncia.<br>Contacta&#039;ns ara i comen\u00e7a a construir un entorn digital accessible per a tothom!<\/p>    <\/div>\n<\/div>\n<!-- \/module text -->                    <\/div><!-- .tb-column-inner -->\n                            <\/div><!-- .module_column -->\n            \t    <\/div><!-- .subrow_inner -->\n\t<\/div><!-- .themify_builder_sub_row -->\n\t                    <\/div><!-- .tb-column-inner -->\n                            <\/div><!-- .module_column -->\n            \t    <\/div><!-- .row_inner -->\n\t<\/div><!-- .module_row -->\n\t<\/div>\n<!--\/themify_builder_content-->","protected":false},"excerpt":{"rendered":"<p>El teu lloc web en format APP<\/p>","protected":false},"author":2,"featured_media":0,"parent":0,"menu_order":0,"comment_status":"closed","ping_status":"closed","template":"","meta":{"footnotes":""},"class_list":["post-1261","page","type-page","status-publish","hentry","has-post-title","has-post-date","has-post-category","has-post-tag","has-post-comment","has-post-author",""],"yoast_head":"<!-- This site is optimized with the Yoast SEO plugin v27.1.1 - https:\/\/yoast.com\/product\/yoast-seo-wordpress\/ -->\n<title>Tu web en formato App - Accesia<\/title>\n<meta name=\"robots\" content=\"index, follow, max-snippet:-1, max-image-preview:large, max-video-preview:-1\" \/>\n<link rel=\"canonical\" href=\"https:\/\/accesia.info\/va\/tu-web-en-formato-app\/\" \/>\n<meta property=\"og:locale\" content=\"ca_ES\" \/>\n<meta property=\"og:type\" content=\"article\" \/>\n<meta property=\"og:title\" content=\"Tu web en formato App - Accesia\" \/>\n<meta property=\"og:description\" content=\"Tu sitio web en formato APP\" \/>\n<meta property=\"og:url\" content=\"https:\/\/accesia.info\/va\/tu-web-en-formato-app\/\" \/>\n<meta property=\"og:site_name\" content=\"Accesia\" \/>\n<meta property=\"article:publisher\" content=\"https:\/\/www.facebook.com\/people\/Accesia-Soluciones\/100093845105950\/?_rdr\" \/>\n<meta property=\"article:modified_time\" content=\"2024-06-06T19:04:18+00:00\" \/>\n<meta name=\"twitter:card\" content=\"summary_large_image\" \/>\n<meta name=\"twitter:site\" content=\"@Accesia_\" \/>\n<script type=\"application\/ld+json\" class=\"yoast-schema-graph\">{\"@context\":\"https:\/\/schema.org\",\"@graph\":[{\"@type\":\"WebPage\",\"@id\":\"https:\/\/accesia.info\/tu-web-en-formato-app\/\",\"url\":\"https:\/\/accesia.info\/tu-web-en-formato-app\/\",\"name\":\"Tu web en formato App - Accesia\",\"isPartOf\":{\"@id\":\"https:\/\/accesia.info\/#website\"},\"datePublished\":\"2024-03-04T14:59:05+00:00\",\"dateModified\":\"2024-06-06T19:04:18+00:00\",\"breadcrumb\":{\"@id\":\"https:\/\/accesia.info\/tu-web-en-formato-app\/#breadcrumb\"},\"inLanguage\":\"ca\",\"potentialAction\":[{\"@type\":\"ReadAction\",\"target\":[\"https:\/\/accesia.info\/tu-web-en-formato-app\/\"]}]},{\"@type\":\"BreadcrumbList\",\"@id\":\"https:\/\/accesia.info\/tu-web-en-formato-app\/#breadcrumb\",\"itemListElement\":[{\"@type\":\"ListItem\",\"position\":1,\"name\":\"Portada\",\"item\":\"https:\/\/accesia.info\/\"},{\"@type\":\"ListItem\",\"position\":2,\"name\":\"Tu web en formato App\"}]},{\"@type\":\"WebSite\",\"@id\":\"https:\/\/accesia.info\/#website\",\"url\":\"https:\/\/accesia.info\/\",\"name\":\"Accesia Soluciones\",\"description\":\"\",\"publisher\":{\"@id\":\"https:\/\/accesia.info\/#organization\"},\"potentialAction\":[{\"@type\":\"SearchAction\",\"target\":{\"@type\":\"EntryPoint\",\"urlTemplate\":\"https:\/\/accesia.info\/?s={search_term_string}\"},\"query-input\":{\"@type\":\"PropertyValueSpecification\",\"valueRequired\":true,\"valueName\":\"search_term_string\"}}],\"inLanguage\":\"ca\"},{\"@type\":\"Organization\",\"@id\":\"https:\/\/accesia.info\/#organization\",\"name\":\"Accesia Soluciones\",\"url\":\"https:\/\/accesia.info\/\",\"logo\":{\"@type\":\"ImageObject\",\"inLanguage\":\"ca\",\"@id\":\"https:\/\/accesia.info\/#\/schema\/logo\/image\/\",\"url\":\"https:\/\/accesia.info\/wp-content\/uploads\/2023\/07\/cropped-Diseno-sin-titulo-15.png\",\"contentUrl\":\"https:\/\/accesia.info\/wp-content\/uploads\/2023\/07\/cropped-Diseno-sin-titulo-15.png\",\"width\":512,\"height\":512,\"caption\":\"Accesia Soluciones\"},\"image\":{\"@id\":\"https:\/\/accesia.info\/#\/schema\/logo\/image\/\"},\"sameAs\":[\"https:\/\/www.facebook.com\/people\/Accesia-Soluciones\/100093845105950\/?_rdr\",\"https:\/\/x.com\/Accesia_\",\"https:\/\/www.instagram.com\/accesiasoluciones\/\",\"https:\/\/es.linkedin.com\/company\/accesia-soluciones\"]}]}<\/script>\n<!-- \/ Yoast SEO plugin. -->","yoast_head_json":{"title":"Tu web en formato App - Accesia","robots":{"index":"index","follow":"follow","max-snippet":"max-snippet:-1","max-image-preview":"max-image-preview:large","max-video-preview":"max-video-preview:-1"},"canonical":"https:\/\/accesia.info\/va\/tu-web-en-formato-app\/","og_locale":"ca_ES","og_type":"article","og_title":"Tu web en formato App - Accesia","og_description":"Tu sitio web en formato APP","og_url":"https:\/\/accesia.info\/va\/tu-web-en-formato-app\/","og_site_name":"Accesia","article_publisher":"https:\/\/www.facebook.com\/people\/Accesia-Soluciones\/100093845105950\/?_rdr","article_modified_time":"2024-06-06T19:04:18+00:00","twitter_card":"summary_large_image","twitter_site":"@Accesia_","schema":{"@context":"https:\/\/schema.org","@graph":[{"@type":"WebPage","@id":"https:\/\/accesia.info\/tu-web-en-formato-app\/","url":"https:\/\/accesia.info\/tu-web-en-formato-app\/","name":"Tu web en formato App - Accesia","isPartOf":{"@id":"https:\/\/accesia.info\/#website"},"datePublished":"2024-03-04T14:59:05+00:00","dateModified":"2024-06-06T19:04:18+00:00","breadcrumb":{"@id":"https:\/\/accesia.info\/tu-web-en-formato-app\/#breadcrumb"},"inLanguage":"ca","potentialAction":[{"@type":"ReadAction","target":["https:\/\/accesia.info\/tu-web-en-formato-app\/"]}]},{"@type":"BreadcrumbList","@id":"https:\/\/accesia.info\/tu-web-en-formato-app\/#breadcrumb","itemListElement":[{"@type":"ListItem","position":1,"name":"Portada","item":"https:\/\/accesia.info\/"},{"@type":"ListItem","position":2,"name":"Tu web en formato App"}]},{"@type":"WebSite","@id":"https:\/\/accesia.info\/#website","url":"https:\/\/accesia.info\/","name":"Accessia Solucions","description":"","publisher":{"@id":"https:\/\/accesia.info\/#organization"},"potentialAction":[{"@type":"SearchAction","target":{"@type":"EntryPoint","urlTemplate":"https:\/\/accesia.info\/?s={search_term_string}"},"query-input":{"@type":"PropertyValueSpecification","valueRequired":true,"valueName":"search_term_string"}}],"inLanguage":"ca"},{"@type":"Organization","@id":"https:\/\/accesia.info\/#organization","name":"Accessia Solucions","url":"https:\/\/accesia.info\/","logo":{"@type":"ImageObject","inLanguage":"ca","@id":"https:\/\/accesia.info\/#\/schema\/logo\/image\/","url":"https:\/\/accesia.info\/wp-content\/uploads\/2023\/07\/cropped-Diseno-sin-titulo-15.png","contentUrl":"https:\/\/accesia.info\/wp-content\/uploads\/2023\/07\/cropped-Diseno-sin-titulo-15.png","width":512,"height":512,"caption":"Accesia Soluciones"},"image":{"@id":"https:\/\/accesia.info\/#\/schema\/logo\/image\/"},"sameAs":["https:\/\/www.facebook.com\/people\/Accesia-Soluciones\/100093845105950\/?_rdr","https:\/\/x.com\/Accesia_","https:\/\/www.instagram.com\/accesiasoluciones\/","https:\/\/es.linkedin.com\/company\/accesia-soluciones"]}]}},"builder_content":"<h1 style=\"text-align: center;\"><strong>Tu sitio web en formato APP<\/strong><\/h1>\n<p>En <strong>Accesia<\/strong>, ofrecemos un servicio especializado en convertir tu p\u00e1gina web en una aplicaci\u00f3n m\u00f3vil, con la capacidad de ser <strong>publicada en la Play Store para dispositivos Android,<\/strong> y <strong>adem\u00e1s<\/strong> siendo <strong>totalmente compatible con iOS y Windows.<\/strong><\/p> <p>En base a tu web, <strong>generaremos tu propia aplicaci\u00f3n<\/strong> para Android, iOS y Windows, sin la molestia de tener que actualizarla manualmente o mantener al d\u00eda los \u00faltimos contenidos, puesto que <strong>la aplicaci\u00f3n se actualizar\u00e1 autom\u00e1ticamente con cada modificaci\u00f3n que realices en tu p\u00e1gina web.<\/strong><\/p> <p>Adem\u00e1s, <strong>podr\u00e1s enviar notificaciones push personalizadas<\/strong> a los usuarios que hayan descargado la aplicaci\u00f3n, <strong>manteni\u00e9ndolos informados y comprometidos con tu contenido.<\/strong><\/p> <p><strong><a href=\"\/contacto\/\">Contacta con nosotros<\/a><\/strong> hoy para llevar tu presencia digital al siguiente nivel con una aplicaci\u00f3n m\u00f3vil accesible y lista para la <strong>Play Store, dispositivos iOS o Windows.<\/strong><\/p>\n<h3><b>Descarga nuestra APP de Demostraci\u00f3n<\/b><\/h3>\n<a href=\"https:\/\/play.google.com\/store\/apps\/details?id=info.accesia.twa\" target=\"_blank\" rel=\"noopener\"> Instalar para Android <\/a>\n[superpwa-add-to-home-button]\n<a href=\"https:\/\/play.google.com\/store\/apps\/details?id=info.accesia.twa\" rel=\"noopener\" target=\"_blank\" > <img src=\"https:\/\/accesia.info\/wp-content\/uploads\/2024\/03\/Modern-Download-App-Instagram-Post-1024x1024-596x581.jpg\" width=\"596\" height=\"581\" title=\"Modern Download App Instagram Post\" alt=\"Modern Download App Instagram Post\" srcset=\"https:\/\/accesia.info\/wp-content\/uploads\/2024\/03\/Modern-Download-App-Instagram-Post-1024x1024-596x581.jpg 596w, https:\/\/accesia.info\/wp-content\/uploads\/2024\/03\/Modern-Download-App-Instagram-Post-12x12.jpg 12w\" sizes=\"(max-width: 596px) 100vw, 596px\" \/> <\/a>\n<img src=\"https:\/\/accesia.info\/wp-content\/uploads\/2023\/07\/istockphoto-879813798-612x612-1-599x298.jpg\" width=\"599\" height=\"298\" title=\"Manos de una persona trabajando en una computadora.\" alt=\"La imagen muestra un primer plano de las manos de una persona de negocios, con la persona trabajando en una computadora. Est\u00e1 utilizando activamente internet y participando en plataformas de redes sociales.\">\n<img src=\"https:\/\/accesia.info\/wp-content\/uploads\/2023\/07\/istockphoto-879813798-612x612-1-329x258.jpg\" width=\"329\" height=\"258\" title=\"Manos de una persona trabajando en una computadora.\" alt=\"La imagen muestra un primer plano de las manos de una persona de negocios, con la persona trabajando en una computadora. Est\u00e1 utilizando activamente internet y participando en plataformas de redes sociales.\">\n<h3 style=\"text-align: center;\">Nuestro equipo de expertos est\u00e1 listo para ayudarte a crear una experiencia inclusiva para tus visitantes<\/h3>\n<a href=\"\/contacto\" id=\"boton14\"> Contactar <\/a>\n<p style=\"text-align: center;\">No pierdas la oportunidad de marcar la diferencia.<br>\u00a1Cont\u00e1ctanos ahora y comienza a construir un entorno digital accesible para todos!<\/p>","_links":{"self":[{"href":"https:\/\/accesia.info\/va\/wp-json\/wp\/v2\/pages\/1261","targetHints":{"allow":["GET"]}}],"collection":[{"href":"https:\/\/accesia.info\/va\/wp-json\/wp\/v2\/pages"}],"about":[{"href":"https:\/\/accesia.info\/va\/wp-json\/wp\/v2\/types\/page"}],"author":[{"embeddable":true,"href":"https:\/\/accesia.info\/va\/wp-json\/wp\/v2\/users\/2"}],"replies":[{"embeddable":true,"href":"https:\/\/accesia.info\/va\/wp-json\/wp\/v2\/comments?post=1261"}],"version-history":[{"count":48,"href":"https:\/\/accesia.info\/va\/wp-json\/wp\/v2\/pages\/1261\/revisions"}],"predecessor-version":[{"id":1425,"href":"https:\/\/accesia.info\/va\/wp-json\/wp\/v2\/pages\/1261\/revisions\/1425"}],"wp:attachment":[{"href":"https:\/\/accesia.info\/va\/wp-json\/wp\/v2\/media?parent=1261"}],"curies":[{"name":"wp","href":"https:\/\/api.w.org\/{rel}","templated":true}]}}