{"id":350,"date":"2023-07-05T14:51:21","date_gmt":"2023-07-05T14:51:21","guid":{"rendered":"https:\/\/accesia.info\/?page_id=350"},"modified":"2024-01-31T14:27:05","modified_gmt":"2024-01-31T14:27:05","slug":"politica-de-cookies","status":"publish","type":"page","link":"https:\/\/accesia.info\/va\/politica-de-cookies\/","title":{"rendered":"Pol\u00edtica de Cookies"},"content":{"rendered":"<!--themify_builder_content-->\n<div id=\"themify_builder_content-350\" data-postid=\"350\" class=\"themify_builder_content themify_builder_content-350 themify_builder tf_clear\">\n    \t\t\t<!-- module_row -->\n\t<div  data-lazy=\"1\" class=\"module_row themify_builder_row tb_xba4537 tb_first tf_w tf_clearfix\">\n\t    \t\t\t<div class=\"row_inner col_align_top tb_col_count_1 tf_box tf_rel\">\n\t\t            <div  data-lazy=\"1\" class=\"module_column tb-column col-full tb_l71l537 first\">\n                                                        <div class=\"tb-column-inner tf_box tf_w\">\n                        <!-- module text -->\n<div  class=\"module module-text tb_1ee5631\" data-lazy=\"1\">\n        <div  class=\"tb_text_wrap\">\n    <h1>Pol\u00edtica de cookies de Accesia Soluciones SL<\/h1>    <\/div>\n<\/div>\n<!-- \/module text --><!-- module text -->\n<div  class=\"module module-text tb_ed08437\" data-lazy=\"1\">\n        <div  class=\"tb_text_wrap\">\n    <p>Data d&#039;\u00faltima actualitzaci\u00f3: 05\/07\/2023<\/p>\n<p><span style=\"font-weight: bold;\">Accessia Soluciones SL<\/span> utilitza cookies i tecnologies similars al nostre lloc web www.accesia.info.&nbsp;<\/p><p><span style=\"background-color: initial; font-size: 1em;\">En utilitzar el nostre Lloc Web, vost\u00e8 accepta l&#039;\u00fas de galetes d&#039;acord amb aquesta Pol\u00edtica de Cookies. Si no esteu d&#039;acord amb l&#039;\u00fas de cookies, heu de desactivar-les seguint les instruccions proporcionades en aquesta Pol\u00edtica de Cookies o deixar d&#039;utilitzar el nostre Lloc Web.<\/span><br><\/p><p><br><\/p><p><b>Qu\u00e8 s\u00f3n les galetes?<\/b><\/p><p>Les cookies s\u00f3n petits arxius de text que s&#039;emmagatzemen al dispositiu (com el vostre ordinador, tauleta o tel\u00e8fon m\u00f2bil) quan visiteu el nostre Lloc Web. Les galetes s&#039;utilitzen \u00e0mpliament perqu\u00e8 els llocs web funcionin correctament i de manera m\u00e9s eficient, aix\u00ed com per proporcionar informaci\u00f3 als propietaris del lloc.<\/p><p><br><\/p><p><b>Tipus de cookies utilitzades:<\/b><\/p><p><ul><li><b>Cookies essencials:<\/b> Aquestes cookies s\u00f3n necess\u00e0ries per proporcionar-vos els serveis disponibles a trav\u00e9s del nostre Lloc Web i per permetre-li utilitzar algunes de les seves funcions. Per exemple, utilitzem cookies essencials per autenticar el vostre acc\u00e9s a \u00e0rees segures del Lloc Web.<\/li><\/ul><div><br><\/div><ul><li><b>Galetes de rendiment i an\u00e0lisi<\/b>: Aquestes galetes recopilen informaci\u00f3 sobre com els visitants utilitzen el nostre Lloc Web, com les p\u00e0gines que visiten amb m\u00e9s freq\u00fc\u00e8ncia i si reben missatges d&#039;error de les p\u00e0gines web. Utilitzem aquesta informaci\u00f3 per millorar la funcionalitat i el rendiment del Lloc Web i per comprendre millor com s&#039;utilitza i s&#039;hi navega.<\/li><\/ul><div><br><\/div><ul><li><b>Galetes de funcionalitat<\/b>: Aquestes cookies s&#039;utilitzen per recon\u00e8ixer-ho quan torneu al nostre Lloc Web i per recordar les eleccions que heu fet, com l&#039;idioma de prefer\u00e8ncia o les opcions de personalitzaci\u00f3. Aquestes cookies ens permeten proporcionar-vos una experi\u00e8ncia m\u00e9s personalitzada i millorar la vostra comoditat d&#039;\u00fas.<\/li><\/ul><div><br><\/div><ul><li><b>Cookies de publicitat:<\/b> Aquestes cookies es fan servir per mostrar anuncis rellevants per a vost\u00e8 i els seus interessos. Tamb\u00e9 s&#039;utilitzen per limitar la freq\u00fc\u00e8ncia amb qu\u00e8 es mostra un anunci i per mesurar l&#039;efectivitat d&#039;una campanya publicit\u00e0ria. Aquestes galetes s\u00f3n generalment col\u00b7locades per xarxes publicit\u00e0ries de tercers.<\/li><\/ul><\/p><p><br><\/p><p><b>Control de cookies<\/b><\/p><p>En utilitzar el nostre Lloc Web, vost\u00e8 accepta l&#039;\u00fas de galetes d&#039;acord amb aquesta Pol\u00edtica de Cookies. Podeu controlar i administrar les cookies en qualsevol moment a trav\u00e9s de la configuraci\u00f3 del vostre navegador. Tingueu en compte que desactivar les galetes pot afectar la funcionalitat del nostre Lloc Web i limitar la seva capacitat per utilitzar totes les seves caracter\u00edstiques.<\/p><p><br><\/p><p><b>Enlla\u00e7os a altres llocs web<\/b><\/p><p>El nostre Lloc Web pot contenir enlla\u00e7os a altres llocs web de tercers. Aquesta Pol\u00edtica de Cookies no s&#039;aplica als llocs web de tercers, per tant, us recomanem que consulteu les pol\u00edtiques de cookies d&#039;aquests llocs web.<\/p><p><br><\/p><p><b>Canvis a la Pol\u00edtica de Cookies<\/b><\/p><p>Ens reservem el dret de modificar o actualitzar aquesta Pol\u00edtica de Cookies en qualsevol moment per reflectir els canvis a les nostres pr\u00e0ctiques de cookies. Qualsevol actualitzaci\u00f3 entrar\u00e0 en vig\u00e8ncia tan aviat com es publiqui la versi\u00f3 revisada al nostre Lloc Web. Us recomanem que reviseu peri\u00f2dicament aquesta Pol\u00edtica de Cookies per estar informat sobre com utilitzem les cookies.<\/p>    <\/div>\n<\/div>\n<!-- \/module text -->                    <\/div><!-- .tb-column-inner -->\n                            <\/div><!-- .module_column -->\n            \t    <\/div><!-- .row_inner -->\n\t<\/div><!-- .module_row -->\n\t<\/div>\n<!--\/themify_builder_content-->","protected":false},"excerpt":{"rendered":"<p>Pol\u00edtica de cookies de Accesia Soluciones SL<\/p>","protected":false},"author":2,"featured_media":0,"parent":0,"menu_order":0,"comment_status":"closed","ping_status":"closed","template":"","meta":{"footnotes":""},"class_list":["post-350","page","type-page","status-publish","hentry","has-post-title","has-post-date","has-post-category","has-post-tag","has-post-comment","has-post-author",""],"yoast_head":"<!-- This site is optimized with the Yoast SEO plugin v27.1.1 - https:\/\/yoast.com\/product\/yoast-seo-wordpress\/ -->\n<title>Pol\u00edtica de Cookies - Accesia<\/title>\n<meta name=\"robots\" content=\"index, follow, max-snippet:-1, max-image-preview:large, max-video-preview:-1\" \/>\n<link rel=\"canonical\" href=\"https:\/\/accesia.info\/va\/politica-de-cookies\/\" \/>\n<meta property=\"og:locale\" content=\"ca_ES\" \/>\n<meta property=\"og:type\" content=\"article\" \/>\n<meta property=\"og:title\" content=\"Pol\u00edtica de Cookies - Accesia\" \/>\n<meta property=\"og:description\" content=\"Pol\u00edtica de cookies de Accesia Soluciones S.L.\" \/>\n<meta property=\"og:url\" content=\"https:\/\/accesia.info\/va\/politica-de-cookies\/\" \/>\n<meta property=\"og:site_name\" content=\"Accesia\" \/>\n<meta property=\"article:publisher\" content=\"https:\/\/www.facebook.com\/people\/Accesia-Soluciones\/100093845105950\/?_rdr\" \/>\n<meta property=\"article:modified_time\" content=\"2024-01-31T14:27:05+00:00\" \/>\n<meta name=\"twitter:card\" content=\"summary_large_image\" \/>\n<meta name=\"twitter:site\" content=\"@Accesia_\" \/>\n<script type=\"application\/ld+json\" class=\"yoast-schema-graph\">{\"@context\":\"https:\/\/schema.org\",\"@graph\":[{\"@type\":\"WebPage\",\"@id\":\"https:\/\/accesia.info\/politica-de-cookies\/\",\"url\":\"https:\/\/accesia.info\/politica-de-cookies\/\",\"name\":\"Pol\u00edtica de Cookies - Accesia\",\"isPartOf\":{\"@id\":\"https:\/\/accesia.info\/#website\"},\"datePublished\":\"2023-07-05T14:51:21+00:00\",\"dateModified\":\"2024-01-31T14:27:05+00:00\",\"breadcrumb\":{\"@id\":\"https:\/\/accesia.info\/politica-de-cookies\/#breadcrumb\"},\"inLanguage\":\"ca\",\"potentialAction\":[{\"@type\":\"ReadAction\",\"target\":[\"https:\/\/accesia.info\/politica-de-cookies\/\"]}]},{\"@type\":\"BreadcrumbList\",\"@id\":\"https:\/\/accesia.info\/politica-de-cookies\/#breadcrumb\",\"itemListElement\":[{\"@type\":\"ListItem\",\"position\":1,\"name\":\"Portada\",\"item\":\"https:\/\/accesia.info\/\"},{\"@type\":\"ListItem\",\"position\":2,\"name\":\"Pol\u00edtica de Cookies\"}]},{\"@type\":\"WebSite\",\"@id\":\"https:\/\/accesia.info\/#website\",\"url\":\"https:\/\/accesia.info\/\",\"name\":\"Accesia Soluciones\",\"description\":\"\",\"publisher\":{\"@id\":\"https:\/\/accesia.info\/#organization\"},\"potentialAction\":[{\"@type\":\"SearchAction\",\"target\":{\"@type\":\"EntryPoint\",\"urlTemplate\":\"https:\/\/accesia.info\/?s={search_term_string}\"},\"query-input\":{\"@type\":\"PropertyValueSpecification\",\"valueRequired\":true,\"valueName\":\"search_term_string\"}}],\"inLanguage\":\"ca\"},{\"@type\":\"Organization\",\"@id\":\"https:\/\/accesia.info\/#organization\",\"name\":\"Accesia Soluciones\",\"url\":\"https:\/\/accesia.info\/\",\"logo\":{\"@type\":\"ImageObject\",\"inLanguage\":\"ca\",\"@id\":\"https:\/\/accesia.info\/#\/schema\/logo\/image\/\",\"url\":\"https:\/\/accesia.info\/wp-content\/uploads\/2023\/07\/cropped-Diseno-sin-titulo-15.png\",\"contentUrl\":\"https:\/\/accesia.info\/wp-content\/uploads\/2023\/07\/cropped-Diseno-sin-titulo-15.png\",\"width\":512,\"height\":512,\"caption\":\"Accesia Soluciones\"},\"image\":{\"@id\":\"https:\/\/accesia.info\/#\/schema\/logo\/image\/\"},\"sameAs\":[\"https:\/\/www.facebook.com\/people\/Accesia-Soluciones\/100093845105950\/?_rdr\",\"https:\/\/x.com\/Accesia_\",\"https:\/\/www.instagram.com\/accesiasoluciones\/\",\"https:\/\/es.linkedin.com\/company\/accesia-soluciones\"]}]}<\/script>\n<!-- \/ Yoast SEO plugin. -->","yoast_head_json":{"title":"Pol\u00edtica de Cookies - Accesia","robots":{"index":"index","follow":"follow","max-snippet":"max-snippet:-1","max-image-preview":"max-image-preview:large","max-video-preview":"max-video-preview:-1"},"canonical":"https:\/\/accesia.info\/va\/politica-de-cookies\/","og_locale":"ca_ES","og_type":"article","og_title":"Pol\u00edtica de Cookies - Accesia","og_description":"Pol\u00edtica de cookies de Accesia Soluciones S.L.","og_url":"https:\/\/accesia.info\/va\/politica-de-cookies\/","og_site_name":"Accesia","article_publisher":"https:\/\/www.facebook.com\/people\/Accesia-Soluciones\/100093845105950\/?_rdr","article_modified_time":"2024-01-31T14:27:05+00:00","twitter_card":"summary_large_image","twitter_site":"@Accesia_","schema":{"@context":"https:\/\/schema.org","@graph":[{"@type":"WebPage","@id":"https:\/\/accesia.info\/politica-de-cookies\/","url":"https:\/\/accesia.info\/politica-de-cookies\/","name":"Pol\u00edtica de Cookies - Accesia","isPartOf":{"@id":"https:\/\/accesia.info\/#website"},"datePublished":"2023-07-05T14:51:21+00:00","dateModified":"2024-01-31T14:27:05+00:00","breadcrumb":{"@id":"https:\/\/accesia.info\/politica-de-cookies\/#breadcrumb"},"inLanguage":"ca","potentialAction":[{"@type":"ReadAction","target":["https:\/\/accesia.info\/politica-de-cookies\/"]}]},{"@type":"BreadcrumbList","@id":"https:\/\/accesia.info\/politica-de-cookies\/#breadcrumb","itemListElement":[{"@type":"ListItem","position":1,"name":"Portada","item":"https:\/\/accesia.info\/"},{"@type":"ListItem","position":2,"name":"Pol\u00edtica de Cookies"}]},{"@type":"WebSite","@id":"https:\/\/accesia.info\/#website","url":"https:\/\/accesia.info\/","name":"Accessia Solucions","description":"","publisher":{"@id":"https:\/\/accesia.info\/#organization"},"potentialAction":[{"@type":"SearchAction","target":{"@type":"EntryPoint","urlTemplate":"https:\/\/accesia.info\/?s={search_term_string}"},"query-input":{"@type":"PropertyValueSpecification","valueRequired":true,"valueName":"search_term_string"}}],"inLanguage":"ca"},{"@type":"Organization","@id":"https:\/\/accesia.info\/#organization","name":"Accessia Solucions","url":"https:\/\/accesia.info\/","logo":{"@type":"ImageObject","inLanguage":"ca","@id":"https:\/\/accesia.info\/#\/schema\/logo\/image\/","url":"https:\/\/accesia.info\/wp-content\/uploads\/2023\/07\/cropped-Diseno-sin-titulo-15.png","contentUrl":"https:\/\/accesia.info\/wp-content\/uploads\/2023\/07\/cropped-Diseno-sin-titulo-15.png","width":512,"height":512,"caption":"Accesia Soluciones"},"image":{"@id":"https:\/\/accesia.info\/#\/schema\/logo\/image\/"},"sameAs":["https:\/\/www.facebook.com\/people\/Accesia-Soluciones\/100093845105950\/?_rdr","https:\/\/x.com\/Accesia_","https:\/\/www.instagram.com\/accesiasoluciones\/","https:\/\/es.linkedin.com\/company\/accesia-soluciones"]}]}},"builder_content":"<h1>Pol\u00edtica de cookies de Accesia Soluciones S.L.<\/h1>\n<p>Fecha de \u00faltima actualizaci\u00f3n: 05\/07\/2023<\/p> <p>Accesia Soluciones S.L. utiliza cookies y tecnolog\u00edas similares en nuestro sitio web www.accesia.info.&nbsp;<\/p><p>Al utilizar nuestro Sitio Web, usted acepta el uso de cookies de acuerdo con esta Pol\u00edtica de Cookies. Si no est\u00e1 de acuerdo con el uso de cookies, debe desactivarlas siguiendo las instrucciones proporcionadas en esta Pol\u00edtica de Cookies o dejar de utilizar nuestro Sitio Web.<br><\/p><p><br><\/p><p><b>\u00bfQu\u00e9 son las cookies?<\/b><\/p><p>Las cookies son peque\u00f1os archivos de texto que se almacenan en su dispositivo (como su ordenador, tableta o tel\u00e9fono m\u00f3vil) cuando visita nuestro Sitio Web. Las cookies se utilizan ampliamente para que los sitios web funcionen correctamente y de manera m\u00e1s eficiente, as\u00ed como para proporcionar informaci\u00f3n a los propietarios del sitio.<\/p><p><br><\/p><p><b>Tipos de cookies utilizadas:<\/b><\/p><p><ul><li><b>Cookies esenciales:<\/b> Estas cookies son necesarias para proporcionarle los servicios disponibles a trav\u00e9s de nuestro Sitio Web y para permitirle utilizar algunas de sus funciones. Por ejemplo, utilizamos cookies esenciales para autenticar su acceso a \u00e1reas seguras del Sitio Web.<\/li><\/ul><br><ul><li><b>Cookies de rendimiento y an\u00e1lisis<\/b>: Estas cookies recopilan informaci\u00f3n sobre c\u00f3mo los visitantes utilizan nuestro Sitio Web, como las p\u00e1ginas que visitan con m\u00e1s frecuencia y si reciben mensajes de error de las p\u00e1ginas web. Utilizamos esta informaci\u00f3n para mejorar la funcionalidad y rendimiento del Sitio Web y para comprender mejor c\u00f3mo se utiliza y se navega por el mismo.<\/li><\/ul><br><ul><li><b>Cookies de funcionalidad<\/b>: Estas cookies se utilizan para reconocerlo cuando regrese a nuestro Sitio Web y para recordar las elecciones que haya hecho, como el idioma de preferencia o las opciones de personalizaci\u00f3n. Estas cookies nos permiten proporcionarle una experiencia m\u00e1s personalizada y mejorar su comodidad de uso.<\/li><\/ul><br><ul><li><b>Cookies de publicidad:<\/b> Estas cookies se utilizan para mostrar anuncios relevantes para usted y sus intereses. Tambi\u00e9n se utilizan para limitar la frecuencia con la que se muestra un anuncio y para medir la efectividad de una campa\u00f1a publicitaria. Estas cookies son generalmente colocadas por redes publicitarias de terceros.<\/li><\/ul><\/p><p><br><\/p><p><b>Control de cookies<\/b><\/p><p>Al utilizar nuestro Sitio Web, usted acepta el uso de cookies de acuerdo con esta Pol\u00edtica de Cookies. Puede controlar y administrar las cookies en cualquier momento a trav\u00e9s de la configuraci\u00f3n de su navegador. Tenga en cuenta que desactivar las cookies puede afectar la funcionalidad de nuestro Sitio Web y limitar su capacidad para utilizar todas sus caracter\u00edsticas.<\/p><p><br><\/p><p><b>Enlaces a otros sitios web<\/b><\/p><p>Nuestro Sitio Web puede contener enlaces a otros sitios web de terceros. Esta Pol\u00edtica de Cookies no se aplica a los sitios web de terceros, por lo tanto, le recomendamos que consulte las pol\u00edticas de cookies de dichos sitios web.<\/p><p><br><\/p><p><b>Cambios en la Pol\u00edtica de Cookies<\/b><\/p><p>Nos reservamos el derecho de modificar o actualizar esta Pol\u00edtica de Cookies en cualquier momento para reflejar los cambios en nuestras pr\u00e1cticas de cookies. Cualquier actualizaci\u00f3n entrar\u00e1 en vigencia tan pronto como se publique la versi\u00f3n revisada en nuestro Sitio Web. Le recomendamos que revise peri\u00f3dicamente esta Pol\u00edtica de Cookies para estar informado sobre c\u00f3mo utilizamos las cookies.<\/p>","_links":{"self":[{"href":"https:\/\/accesia.info\/va\/wp-json\/wp\/v2\/pages\/350","targetHints":{"allow":["GET"]}}],"collection":[{"href":"https:\/\/accesia.info\/va\/wp-json\/wp\/v2\/pages"}],"about":[{"href":"https:\/\/accesia.info\/va\/wp-json\/wp\/v2\/types\/page"}],"author":[{"embeddable":true,"href":"https:\/\/accesia.info\/va\/wp-json\/wp\/v2\/users\/2"}],"replies":[{"embeddable":true,"href":"https:\/\/accesia.info\/va\/wp-json\/wp\/v2\/comments?post=350"}],"version-history":[{"count":14,"href":"https:\/\/accesia.info\/va\/wp-json\/wp\/v2\/pages\/350\/revisions"}],"predecessor-version":[{"id":1101,"href":"https:\/\/accesia.info\/va\/wp-json\/wp\/v2\/pages\/350\/revisions\/1101"}],"wp:attachment":[{"href":"https:\/\/accesia.info\/va\/wp-json\/wp\/v2\/media?parent=350"}],"curies":[{"name":"wp","href":"https:\/\/api.w.org\/{rel}","templated":true}]}}