{"id":362,"date":"2023-07-05T15:01:01","date_gmt":"2023-07-05T15:01:01","guid":{"rendered":"https:\/\/accesia.info\/?page_id=362"},"modified":"2023-07-05T15:11:14","modified_gmt":"2023-07-05T15:11:14","slug":"aviso-legal","status":"publish","type":"page","link":"https:\/\/accesia.info\/va\/aviso-legal\/","title":{"rendered":"Av\u00eds legal"},"content":{"rendered":"<!--themify_builder_content-->\n<div id=\"themify_builder_content-362\" data-postid=\"362\" class=\"themify_builder_content themify_builder_content-362 themify_builder tf_clear\">\n    \t\t\t<!-- module_row -->\n\t<div  data-lazy=\"1\" class=\"module_row themify_builder_row tb_xba4537 tb_first tf_w tf_clearfix\">\n\t    \t\t\t<div class=\"row_inner col_align_top tb_col_count_1 tf_box tf_rel\">\n\t\t            <div  data-lazy=\"1\" class=\"module_column tb-column col-full tb_l71l537 first\">\n                                                        <div class=\"tb-column-inner tf_box tf_w\">\n                        <!-- module text -->\n<div  class=\"module module-text tb_1ee5631\" data-lazy=\"1\">\n        <div  class=\"tb_text_wrap\">\n    <h1>Av\u00eds legal<\/h1>    <\/div>\n<\/div>\n<!-- \/module text --><!-- module text -->\n<div  class=\"module module-text tb_ed08437\" data-lazy=\"1\">\n        <div  class=\"tb_text_wrap\">\n    <p>Data d&#039;\u00faltima actualitzaci\u00f3: 05\/07\/2023<\/p><p><br><\/p>\n<p><span style=\"background-color: initial; font-size: 1em;\">Aquest Av\u00eds Legal estableix les condicions d&#039;\u00fas del lloc web www.accesia.info (d&#039;ara endavant, el Lloc Web) propietat d&#039;Accesia Soluciones SL (d&#039;ara endavant, Acc\u00e9sia, nosaltres o el nostre). En accedir i utilitzar el nostre Lloc Web, vost\u00e8 accepta estar subjecte als termes i condicions establerts en aquest Av\u00eds Legal. Si no esteu d&#039;acord amb aquests termes, us recomanem que no utilitzeu el nostre Lloc Web.<\/span><br><\/p><p><br><\/p><p><b>Propietat intel\u00b7lectual<\/b><\/p><p>Tots els drets de propietat intel\u00b7lectual sobre el contingut del Lloc Web, incloent-hi, entre d&#039;altres, textos, imatges, gr\u00e0fics, logotips, icones, arxius d&#039;\u00e0udio i v\u00eddeo, programari i qualsevol altre material, s\u00f3n propietat exclusiva d&#039;Accessia o s&#039;utilitzen sota llic\u00e8ncia . Est\u00e0 prohibida qualsevol forma de reproducci\u00f3, distribuci\u00f3, comunicaci\u00f3 p\u00fablica, modificaci\u00f3, transformaci\u00f3 o qualsevol altre acte dexplotaci\u00f3 daquest contingut sense el consentiment previ i per escrit dAccessia.<\/p><p><br><\/p><p><b>\u00das del Lloc Web<\/b><\/p><p>L&#039;\u00fas del lloc web \u00e9s responsabilitat exclusiva de l&#039;usuari. Us comprometeu a utilitzar el Lloc Web de manera diligent, correcta i l\u00edcita, d&#039;acord amb la legislaci\u00f3 aplicable i aquest Av\u00eds Legal. Queda prohibit qualsevol \u00fas del Lloc Web que pugui ser perjudicial per a Accesia, els seus clients, prove\u00efdors o altres usuaris.<\/p><p><br><\/p><p><b>Enlla\u00e7os a altres llocs web<\/b><\/p><p>El lloc web pot contenir enlla\u00e7os a llocs web de tercers que no estan sota el control d&#039;acc\u00e9s. Aquests enlla\u00e7os es proporcionen \u00fanicament com una conveni\u00e8ncia per a l&#039;usuari i no impliquen l&#039;aprovaci\u00f3 o el suport d&#039;Accessia respecte d&#039;aquests llocs web. Accessia no assumeix cap responsabilitat pel contingut, la precisi\u00f3 o les pr\u00e0ctiques de privadesa dels llocs web de tercers. Us recomanem que reviseu les pol\u00edtiques de privadesa i els termes d&#039;\u00fas de qualsevol lloc web de tercers al qual accediu a trav\u00e9s d&#039;enlla\u00e7os al nostre Lloc Web.<\/p><p><br><\/p><p><b>Exclusi\u00f3 de responsabilitat<\/b><\/p><p>Accessia no garanteix la disponibilitat, accessibilitat i continu\u00eftat del funcionament del Lloc Web, ni l&#039;abs\u00e8ncia d&#039;errors en el contingut. En la mesura permesa per la llei, Accesia no ser\u00e0 responsable dels danys i perjudicis que puguin derivar-se de l&#039;\u00fas o la impossibilitat d&#039;\u00fas del Lloc Web, incloent-hi danys directes, indirectes, incidentals, conseq\u00fcents o punitius, p\u00e8rdua de beneficis, dades o qualsevol una altra p\u00e8rdua econ\u00f2mica.<\/p><p><br><\/p><p><b>Protecci\u00f3 de dades personals<\/b><\/p><p>El tractament de les dades personals recopilades a trav\u00e9s del Lloc Web es regeix per la nostra Pol\u00edtica de Privadesa, que forma part integrant d&#039;aquest Av\u00eds Legal.<\/p><p><br><\/p><p><b>Modificacions<\/b><\/p><p>Accesia es reserva el dret de modificar, actualitzar o eliminar qualsevol aspecte del Lloc Web, incloent aquest Av\u00eds Legal, en qualsevol moment i sense av\u00eds previ. \u00c9s responsabilitat de l&#039;usuari revisar peri\u00f2dicament aquest Av\u00eds Legal per estar informat dels canvis realitzats.<\/p><p><br><\/p><p><b>Llei aplicable i jurisdicci\u00f3<\/b><\/p><p>Aquest Av\u00eds Legal es regir\u00e0 i s&#039;interpretar\u00e0 d&#039;acord amb les lleis d&#039;Espanya, sens perjudici dels drets que assisteixin a l&#039;usuari en virtut de la legislaci\u00f3 aplicable. Qualsevol disputa que sorgeixi en relaci\u00f3 amb el Lloc Web se sotmetr\u00e0 a la jurisdicci\u00f3 exclusiva dels tribunals de Val\u00e8ncia, Espanya.<\/p><p><br><\/p><p>Si teniu alguna pregunta o consulta sobre aquest Av\u00eds Legal, podeu posar-vos en contacte amb nosaltres a trav\u00e9s dels mitjans indicats al Lloc Web.<\/p>    <\/div>\n<\/div>\n<!-- \/module text -->                    <\/div><!-- .tb-column-inner -->\n                            <\/div><!-- .module_column -->\n            \t    <\/div><!-- .row_inner -->\n\t<\/div><!-- .module_row -->\n\t<\/div>\n<!--\/themify_builder_content-->","protected":false},"excerpt":{"rendered":"<p>Av\u00eds legal<\/p>","protected":false},"author":2,"featured_media":0,"parent":0,"menu_order":0,"comment_status":"closed","ping_status":"closed","template":"","meta":{"footnotes":""},"class_list":["post-362","page","type-page","status-publish","hentry","has-post-title","has-post-date","has-post-category","has-post-tag","has-post-comment","has-post-author",""],"yoast_head":"<!-- This site is optimized with the Yoast SEO plugin v27.1.1 - https:\/\/yoast.com\/product\/yoast-seo-wordpress\/ -->\n<title>Aviso legal - Accesia<\/title>\n<meta name=\"robots\" content=\"index, follow, max-snippet:-1, max-image-preview:large, max-video-preview:-1\" \/>\n<link rel=\"canonical\" href=\"https:\/\/accesia.info\/va\/aviso-legal\/\" \/>\n<meta property=\"og:locale\" content=\"ca_ES\" \/>\n<meta property=\"og:type\" content=\"article\" \/>\n<meta property=\"og:title\" content=\"Aviso legal - Accesia\" \/>\n<meta property=\"og:description\" content=\"Aviso legal\" \/>\n<meta property=\"og:url\" content=\"https:\/\/accesia.info\/va\/aviso-legal\/\" \/>\n<meta property=\"og:site_name\" content=\"Accesia\" \/>\n<meta property=\"article:publisher\" content=\"https:\/\/www.facebook.com\/people\/Accesia-Soluciones\/100093845105950\/?_rdr\" \/>\n<meta property=\"article:modified_time\" content=\"2023-07-05T15:11:14+00:00\" \/>\n<meta name=\"twitter:card\" content=\"summary_large_image\" \/>\n<meta name=\"twitter:site\" content=\"@Accesia_\" \/>\n<script type=\"application\/ld+json\" class=\"yoast-schema-graph\">{\"@context\":\"https:\/\/schema.org\",\"@graph\":[{\"@type\":\"WebPage\",\"@id\":\"https:\/\/accesia.info\/aviso-legal\/\",\"url\":\"https:\/\/accesia.info\/aviso-legal\/\",\"name\":\"Aviso legal - Accesia\",\"isPartOf\":{\"@id\":\"https:\/\/accesia.info\/#website\"},\"datePublished\":\"2023-07-05T15:01:01+00:00\",\"dateModified\":\"2023-07-05T15:11:14+00:00\",\"breadcrumb\":{\"@id\":\"https:\/\/accesia.info\/aviso-legal\/#breadcrumb\"},\"inLanguage\":\"ca\",\"potentialAction\":[{\"@type\":\"ReadAction\",\"target\":[\"https:\/\/accesia.info\/aviso-legal\/\"]}]},{\"@type\":\"BreadcrumbList\",\"@id\":\"https:\/\/accesia.info\/aviso-legal\/#breadcrumb\",\"itemListElement\":[{\"@type\":\"ListItem\",\"position\":1,\"name\":\"Portada\",\"item\":\"https:\/\/accesia.info\/\"},{\"@type\":\"ListItem\",\"position\":2,\"name\":\"Aviso legal\"}]},{\"@type\":\"WebSite\",\"@id\":\"https:\/\/accesia.info\/#website\",\"url\":\"https:\/\/accesia.info\/\",\"name\":\"Accesia Soluciones\",\"description\":\"\",\"publisher\":{\"@id\":\"https:\/\/accesia.info\/#organization\"},\"potentialAction\":[{\"@type\":\"SearchAction\",\"target\":{\"@type\":\"EntryPoint\",\"urlTemplate\":\"https:\/\/accesia.info\/?s={search_term_string}\"},\"query-input\":{\"@type\":\"PropertyValueSpecification\",\"valueRequired\":true,\"valueName\":\"search_term_string\"}}],\"inLanguage\":\"ca\"},{\"@type\":\"Organization\",\"@id\":\"https:\/\/accesia.info\/#organization\",\"name\":\"Accesia Soluciones\",\"url\":\"https:\/\/accesia.info\/\",\"logo\":{\"@type\":\"ImageObject\",\"inLanguage\":\"ca\",\"@id\":\"https:\/\/accesia.info\/#\/schema\/logo\/image\/\",\"url\":\"https:\/\/accesia.info\/wp-content\/uploads\/2023\/07\/cropped-Diseno-sin-titulo-15.png\",\"contentUrl\":\"https:\/\/accesia.info\/wp-content\/uploads\/2023\/07\/cropped-Diseno-sin-titulo-15.png\",\"width\":512,\"height\":512,\"caption\":\"Accesia Soluciones\"},\"image\":{\"@id\":\"https:\/\/accesia.info\/#\/schema\/logo\/image\/\"},\"sameAs\":[\"https:\/\/www.facebook.com\/people\/Accesia-Soluciones\/100093845105950\/?_rdr\",\"https:\/\/x.com\/Accesia_\",\"https:\/\/www.instagram.com\/accesiasoluciones\/\",\"https:\/\/es.linkedin.com\/company\/accesia-soluciones\"]}]}<\/script>\n<!-- \/ Yoast SEO plugin. -->","yoast_head_json":{"title":"Aviso legal - Accesia","robots":{"index":"index","follow":"follow","max-snippet":"max-snippet:-1","max-image-preview":"max-image-preview:large","max-video-preview":"max-video-preview:-1"},"canonical":"https:\/\/accesia.info\/va\/aviso-legal\/","og_locale":"ca_ES","og_type":"article","og_title":"Aviso legal - Accesia","og_description":"Aviso legal","og_url":"https:\/\/accesia.info\/va\/aviso-legal\/","og_site_name":"Accesia","article_publisher":"https:\/\/www.facebook.com\/people\/Accesia-Soluciones\/100093845105950\/?_rdr","article_modified_time":"2023-07-05T15:11:14+00:00","twitter_card":"summary_large_image","twitter_site":"@Accesia_","schema":{"@context":"https:\/\/schema.org","@graph":[{"@type":"WebPage","@id":"https:\/\/accesia.info\/aviso-legal\/","url":"https:\/\/accesia.info\/aviso-legal\/","name":"Aviso legal - Accesia","isPartOf":{"@id":"https:\/\/accesia.info\/#website"},"datePublished":"2023-07-05T15:01:01+00:00","dateModified":"2023-07-05T15:11:14+00:00","breadcrumb":{"@id":"https:\/\/accesia.info\/aviso-legal\/#breadcrumb"},"inLanguage":"ca","potentialAction":[{"@type":"ReadAction","target":["https:\/\/accesia.info\/aviso-legal\/"]}]},{"@type":"BreadcrumbList","@id":"https:\/\/accesia.info\/aviso-legal\/#breadcrumb","itemListElement":[{"@type":"ListItem","position":1,"name":"Portada","item":"https:\/\/accesia.info\/"},{"@type":"ListItem","position":2,"name":"Aviso legal"}]},{"@type":"WebSite","@id":"https:\/\/accesia.info\/#website","url":"https:\/\/accesia.info\/","name":"Accessia Solucions","description":"","publisher":{"@id":"https:\/\/accesia.info\/#organization"},"potentialAction":[{"@type":"SearchAction","target":{"@type":"EntryPoint","urlTemplate":"https:\/\/accesia.info\/?s={search_term_string}"},"query-input":{"@type":"PropertyValueSpecification","valueRequired":true,"valueName":"search_term_string"}}],"inLanguage":"ca"},{"@type":"Organization","@id":"https:\/\/accesia.info\/#organization","name":"Accessia Solucions","url":"https:\/\/accesia.info\/","logo":{"@type":"ImageObject","inLanguage":"ca","@id":"https:\/\/accesia.info\/#\/schema\/logo\/image\/","url":"https:\/\/accesia.info\/wp-content\/uploads\/2023\/07\/cropped-Diseno-sin-titulo-15.png","contentUrl":"https:\/\/accesia.info\/wp-content\/uploads\/2023\/07\/cropped-Diseno-sin-titulo-15.png","width":512,"height":512,"caption":"Accesia Soluciones"},"image":{"@id":"https:\/\/accesia.info\/#\/schema\/logo\/image\/"},"sameAs":["https:\/\/www.facebook.com\/people\/Accesia-Soluciones\/100093845105950\/?_rdr","https:\/\/x.com\/Accesia_","https:\/\/www.instagram.com\/accesiasoluciones\/","https:\/\/es.linkedin.com\/company\/accesia-soluciones"]}]}},"builder_content":"<h1>Aviso legal<\/h1>\n<p>Fecha de \u00faltima actualizaci\u00f3n: 05\/07\/2023<\/p><p><br><\/p> <p>Este Aviso Legal establece las condiciones de uso del sitio web www.accesia.info (en adelante, el \"Sitio Web\") propiedad de Accesia Soluciones S.L. (en adelante, \"Accesia\", \"nosotros\" o \"nuestro\"). Al acceder y utilizar nuestro Sitio Web, usted acepta estar sujeto a los t\u00e9rminos y condiciones establecidos en este Aviso Legal. Si no est\u00e1 de acuerdo con estos t\u00e9rminos, le recomendamos que no utilice nuestro Sitio Web.<br><\/p><p><br><\/p><p><b>Propiedad intelectual<\/b><\/p><p>Todos los derechos de propiedad intelectual sobre el contenido del Sitio Web, incluyendo, entre otros, textos, im\u00e1genes, gr\u00e1ficos, logotipos, iconos, archivos de audio y video, software y cualquier otro material, son propiedad exclusiva de Accesia o se utilizan bajo licencia. Est\u00e1 prohibida cualquier forma de reproducci\u00f3n, distribuci\u00f3n, comunicaci\u00f3n p\u00fablica, modificaci\u00f3n, transformaci\u00f3n o cualquier otro acto de explotaci\u00f3n de dicho contenido sin el consentimiento previo y por escrito de Accesia.<\/p><p><br><\/p><p><b>Uso del Sitio Web<\/b><\/p><p>El uso del Sitio Web es responsabilidad exclusiva del usuario. Usted se compromete a utilizar el Sitio Web de manera diligente, correcta y l\u00edcita, de acuerdo con la legislaci\u00f3n aplicable y este Aviso Legal. Queda prohibido cualquier uso del Sitio Web que pueda ser perjudicial para Accesia, sus clientes, proveedores u otros usuarios.<\/p><p><br><\/p><p><b>Enlaces a otros sitios web<\/b><\/p><p>El Sitio Web puede contener enlaces a sitios web de terceros que no est\u00e1n bajo el control de Accesia. Estos enlaces se proporcionan \u00fanicamente como una conveniencia para el usuario y no implican la aprobaci\u00f3n o respaldo de Accesia respecto a dichos sitios web. Accesia no asume ninguna responsabilidad por el contenido, la precisi\u00f3n o las pr\u00e1cticas de privacidad de los sitios web de terceros. Le recomendamos que revise las pol\u00edticas de privacidad y los t\u00e9rminos de uso de cualquier sitio web de terceros al que acceda a trav\u00e9s de enlaces en nuestro Sitio Web.<\/p><p><br><\/p><p><b>Exclusi\u00f3n de responsabilidad<\/b><\/p><p>Accesia no garantiza la disponibilidad, accesibilidad y continuidad del funcionamiento del Sitio Web, ni la ausencia de errores en su contenido. En la medida permitida por la ley, Accesia no ser\u00e1 responsable de los da\u00f1os y perjuicios que puedan derivarse del uso o la imposibilidad de uso del Sitio Web, incluyendo da\u00f1os directos, indirectos, incidentales, consecuentes o punitivos, p\u00e9rdida de beneficios, datos o cualquier otra p\u00e9rdida econ\u00f3mica.<\/p><p><br><\/p><p><b>Protecci\u00f3n de datos personales<\/b><\/p><p>El tratamiento de los datos personales recopilados a trav\u00e9s del Sitio Web se rige por nuestra Pol\u00edtica de Privacidad, que forma parte integrante de este Aviso Legal.<\/p><p><br><\/p><p><b>Modificaciones<\/b><\/p><p>Accesia se reserva el derecho de modificar, actualizar o eliminar cualquier aspecto del Sitio Web, incluyendo este Aviso Legal, en cualquier momento y sin previo aviso. Es responsabilidad del usuario revisar peri\u00f3dicamente este Aviso Legal para estar informado de los cambios realizados.<\/p><p><br><\/p><p><b>Ley aplicable y jurisdicci\u00f3n<\/b><\/p><p>Este Aviso Legal se regir\u00e1 e interpretar\u00e1 de acuerdo con las leyes de Espa\u00f1a, sin perjuicio de los derechos que le asistan al usuario en virtud de la legislaci\u00f3n aplicable. Cualquier disputa que surja en relaci\u00f3n con el Sitio Web se someter\u00e1 a la jurisdicci\u00f3n exclusiva de los tribunales de Valencia, Espa\u00f1a.<\/p><p><br><\/p><p>Si tiene alguna pregunta o consulta sobre este Aviso Legal, puede ponerse en contacto con nosotros a trav\u00e9s de los medios indicados en el Sitio Web.<\/p>","_links":{"self":[{"href":"https:\/\/accesia.info\/va\/wp-json\/wp\/v2\/pages\/362","targetHints":{"allow":["GET"]}}],"collection":[{"href":"https:\/\/accesia.info\/va\/wp-json\/wp\/v2\/pages"}],"about":[{"href":"https:\/\/accesia.info\/va\/wp-json\/wp\/v2\/types\/page"}],"author":[{"embeddable":true,"href":"https:\/\/accesia.info\/va\/wp-json\/wp\/v2\/users\/2"}],"replies":[{"embeddable":true,"href":"https:\/\/accesia.info\/va\/wp-json\/wp\/v2\/comments?post=362"}],"version-history":[{"count":4,"href":"https:\/\/accesia.info\/va\/wp-json\/wp\/v2\/pages\/362\/revisions"}],"predecessor-version":[{"id":375,"href":"https:\/\/accesia.info\/va\/wp-json\/wp\/v2\/pages\/362\/revisions\/375"}],"wp:attachment":[{"href":"https:\/\/accesia.info\/va\/wp-json\/wp\/v2\/media?parent=362"}],"curies":[{"name":"wp","href":"https:\/\/api.w.org\/{rel}","templated":true}]}}